{"id":2543,"date":"2017-12-22T11:25:20","date_gmt":"2017-12-22T10:25:20","guid":{"rendered":"https:\/\/www.autocar.brussels\/demo\/?page_id=2543"},"modified":"2021-12-05T03:06:12","modified_gmt":"2021-12-05T02:06:12","slug":"louer-un-bus-a-bruxelles","status":"publish","type":"page","link":"https:\/\/www.autocar.brussels\/fr\/louer-un-bus-a-bruxelles\/","title":{"rendered":"Louer un Bus \u00e0 Bruxelles"},"content":{"rendered":"<div class=\"wpb-content-wrapper\"><p>[vc_row][vc_column][vc_custom_heading text=\u00a0\u00bbFREE QUOTE\u00a0\u00bb use_theme_fonts=\u00a0\u00bbyes\u00a0\u00bb el_class=\u00a0\u00bbtitle\u00a0\u00bb][vc_empty_space height=\u00a0\u00bb15&Prime;][vc_column_text]Louez un autocar,\u00a0<em>bus<\/em>\u00a0ou\u00a0<em>minibus<\/em>\u00a0avec chauffeur au d\u00e9part de <i>Bruxelles <\/i>et sa r\u00e9gion. Recevez plusieurs devis, comparez, profitez des meilleurs prix , Sp\u00e9cialiste de la\u00a0<em>location<\/em>\u00a0d&rsquo;autocars,\u00a0<em>bus<\/em>\u00a0et\u00a0<em>minibus<\/em> avec chauffeur, Cars . Votre <em>location<\/em>\u00a0d&rsquo;autocar avec chauffeur sur-mesure[\/vc_column_text][\/vc_column][\/vc_row][vc_row css=\u00a0\u00bb.vc_custom_1453297211960{margin-bottom: 40px !important;}\u00a0\u00bb][vc_column width=\u00a0\u00bb5\/12&Prime;]<table class='info-table'><tbody><tr class='info-table-row'><th class='info-table-icon'><i class='fa fas fa-home'><\/i><\/th><td class='info-table-content'><strong><a href='https:\/\/www.autocar.brussels\/'>Autocar Brussels<\/a><\/strong><\/td><\/tr><tr class='info-table-row'><th class='info-table-icon'><i class='fa '><\/i><\/th><td class='info-table-content'><strong><a href='https:\/\/g.page\/r\/CcwcMT-mfeCjEAE'>Rue des Colonies 11, 1000 Bruxelles<\/a><\/strong><\/td><\/tr><tr class='info-table-row'><th class='info-table-icon'><i class='fa fas fa-phone-square-alt'><\/i><\/th><td class='info-table-content'><strong><a href='tel:+3223420876'>+32 2 342 08 76<\/a><\/strong><\/td><\/tr><tr class='info-table-row'><th class='info-table-icon'><i class='fa fas fa-envelope'><\/i><\/th><td class='info-table-content'><strong><a href='mailto:info@autocar.brussels'>info@autocar.brussels<\/a><\/strong><\/td><\/tr><\/tbody><\/table>[\/vc_column][vc_column width=\u00a0\u00bb7\/12&Prime;][contact-form-7 id=\u00a0\u00bb2707&Prime;][\/vc_column][\/vc_row]<\/p>\n<\/div>","protected":false},"excerpt":{"rendered":"<p>[vc_row][vc_column][vc_custom_heading text=\u00a0\u00bbFREE QUOTE\u00a0\u00bb use_theme_fonts=\u00a0\u00bbyes\u00a0\u00bb el_class=\u00a0\u00bbtitle\u00a0\u00bb][vc_empty_space height=\u00a0\u00bb15&Prime;][vc_column_text]Louez un autocar,\u00a0bus\u00a0ou\u00a0minibus\u00a0avec chauffeur au d\u00e9part de Bruxelles et sa r\u00e9gion. Recevez plusieurs devis, comparez, profitez des meilleurs prix , Sp\u00e9cialiste de la\u00a0location\u00a0d&rsquo;autocars,\u00a0bus\u00a0et\u00a0minibus avec chauffeur, Cars . Votre location\u00a0d&rsquo;autocar avec chauffeur sur-mesure[\/vc_column_text][\/vc_column][\/vc_row][vc_row css=\u00a0\u00bb.vc_custom_1453297211960{margin-bottom: 40px !important;}\u00a0\u00bb][vc_column &hellip;<\/p>\n","protected":false},"author":1,"featured_media":0,"parent":0,"menu_order":0,"comment_status":"closed","ping_status":"closed","template":"","meta":{"footnotes":""},"class_list":["post-2543","page","type-page","status-publish","hentry"],"yoast_head":"<!-- This site is optimized with the Yoast SEO plugin v27.5 - https:\/\/yoast.com\/product\/yoast-seo-wordpress\/ -->\n<title>Louer un Bus \u00e0 Bruxelles\u27a4 transfert aeroport<\/title>\n<meta name=\"description\" content=\"Louer un Bus \u00e0 Bruxelles\u27a4 Contactez-nous \u27afTRANSFERT A\u00c9ROPORT\u27af D\u00c9PLACEMENTS PROFESSIONNELS \u27afVOYAGES SCOLAIRES\u260e+32 2 512.01.01\" \/>\n<meta name=\"robots\" content=\"index, follow, max-snippet:-1, max-image-preview:large, max-video-preview:-1\" \/>\n<link rel=\"canonical\" href=\"https:\/\/www.autocar.brussels\/fr\/louer-un-bus-a-bruxelles\/\" \/>\n<meta property=\"og:locale\" content=\"fr_FR\" \/>\n<meta property=\"og:type\" content=\"article\" \/>\n<meta property=\"og:title\" content=\"Louer un Bus \u00e0 Bruxelles\u27a4 transfert aeroport\" \/>\n<meta property=\"og:description\" content=\"Louer un Bus \u00e0 Bruxelles\u27a4 Contactez-nous \u27afTRANSFERT A\u00c9ROPORT\u27af D\u00c9PLACEMENTS PROFESSIONNELS \u27afVOYAGES SCOLAIRES\u260e+32 2 512.01.01\" \/>\n<meta property=\"og:url\" content=\"https:\/\/www.autocar.brussels\/fr\/louer-un-bus-a-bruxelles\/\" \/>\n<meta property=\"og:site_name\" content=\"Location minibus bruxelles\" \/>\n<meta property=\"article:publisher\" content=\"https:\/\/www.facebook.com\/LimostarLimousineServices\/\" \/>\n<meta property=\"article:modified_time\" content=\"2021-12-05T02:06:12+00:00\" \/>\n<meta property=\"og:image\" content=\"https:\/\/www.autocar.brussels\/wp-content\/uploads\/2021\/12\/chauffeur-de-bus-scaled.jpg\" \/>\n\t<meta property=\"og:image:width\" content=\"1280\" \/>\n\t<meta property=\"og:image:height\" content=\"864\" \/>\n\t<meta property=\"og:image:type\" content=\"image\/jpeg\" \/>\n<meta name=\"twitter:card\" content=\"summary_large_image\" \/>\n<meta name=\"twitter:label1\" content=\"Dur\u00e9e de lecture estim\u00e9e\" \/>\n\t<meta name=\"twitter:data1\" content=\"2 minutes\" \/>\n<script type=\"application\/ld+json\" class=\"yoast-schema-graph\">{\"@context\":\"https:\\\/\\\/schema.org\",\"@graph\":[{\"@type\":\"WebPage\",\"@id\":\"https:\\\/\\\/www.autocar.brussels\\\/fr\\\/louer-un-bus-a-bruxelles\\\/\",\"url\":\"https:\\\/\\\/www.autocar.brussels\\\/fr\\\/louer-un-bus-a-bruxelles\\\/\",\"name\":\"Louer un Bus \u00e0 Bruxelles\u27a4 transfert aeroport\",\"isPartOf\":{\"@id\":\"https:\\\/\\\/www.autocar.brussels\\\/fr\\\/#website\"},\"datePublished\":\"2017-12-22T10:25:20+00:00\",\"dateModified\":\"2021-12-05T02:06:12+00:00\",\"description\":\"Louer un Bus \u00e0 Bruxelles\u27a4 Contactez-nous \u27afTRANSFERT A\u00c9ROPORT\u27af D\u00c9PLACEMENTS PROFESSIONNELS \u27afVOYAGES SCOLAIRES\u260e+32 2 512.01.01\",\"breadcrumb\":{\"@id\":\"https:\\\/\\\/www.autocar.brussels\\\/fr\\\/louer-un-bus-a-bruxelles\\\/#breadcrumb\"},\"inLanguage\":\"fr-FR\",\"potentialAction\":[{\"@type\":\"ReadAction\",\"target\":[\"https:\\\/\\\/www.autocar.brussels\\\/fr\\\/louer-un-bus-a-bruxelles\\\/\"]}]},{\"@type\":\"BreadcrumbList\",\"@id\":\"https:\\\/\\\/www.autocar.brussels\\\/fr\\\/louer-un-bus-a-bruxelles\\\/#breadcrumb\",\"itemListElement\":[{\"@type\":\"ListItem\",\"position\":1,\"name\":\"Accueil\",\"item\":\"https:\\\/\\\/www.autocar.brussels\\\/\"},{\"@type\":\"ListItem\",\"position\":2,\"name\":\"Louer un Bus \u00e0 Bruxelles\"}]},{\"@type\":\"WebSite\",\"@id\":\"https:\\\/\\\/www.autocar.brussels\\\/fr\\\/#website\",\"url\":\"https:\\\/\\\/www.autocar.brussels\\\/fr\\\/\",\"name\":\"Location minibus bruxelles\",\"description\":\"Bus et autocar avec chauffeur en Belgique\",\"publisher\":{\"@id\":\"https:\\\/\\\/www.autocar.brussels\\\/fr\\\/#organization\"},\"potentialAction\":[{\"@type\":\"SearchAction\",\"target\":{\"@type\":\"EntryPoint\",\"urlTemplate\":\"https:\\\/\\\/www.autocar.brussels\\\/fr\\\/?s={search_term_string}\"},\"query-input\":{\"@type\":\"PropertyValueSpecification\",\"valueRequired\":true,\"valueName\":\"search_term_string\"}}],\"inLanguage\":\"fr-FR\"},{\"@type\":\"Organization\",\"@id\":\"https:\\\/\\\/www.autocar.brussels\\\/fr\\\/#organization\",\"name\":\"location minibus bruxelles\",\"alternateName\":\"Location Autocar Bruxelles\",\"url\":\"https:\\\/\\\/www.autocar.brussels\\\/fr\\\/\",\"logo\":{\"@type\":\"ImageObject\",\"inLanguage\":\"fr-FR\",\"@id\":\"https:\\\/\\\/www.autocar.brussels\\\/fr\\\/#\\\/schema\\\/logo\\\/image\\\/\",\"url\":\"https:\\\/\\\/www.autocar.brussels\\\/wp-content\\\/uploads\\\/2018\\\/01\\\/logo-limo-footer.png\",\"contentUrl\":\"https:\\\/\\\/www.autocar.brussels\\\/wp-content\\\/uploads\\\/2018\\\/01\\\/logo-limo-footer.png\",\"width\":177,\"height\":39,\"caption\":\"location minibus bruxelles\"},\"image\":{\"@id\":\"https:\\\/\\\/www.autocar.brussels\\\/fr\\\/#\\\/schema\\\/logo\\\/image\\\/\"},\"sameAs\":[\"https:\\\/\\\/www.facebook.com\\\/LimostarLimousineServices\\\/\"]}]}<\/script>\n<!-- \/ Yoast SEO plugin. -->","yoast_head_json":{"title":"Louer un Bus \u00e0 Bruxelles\u27a4 transfert aeroport","description":"Louer un Bus \u00e0 Bruxelles\u27a4 Contactez-nous \u27afTRANSFERT A\u00c9ROPORT\u27af D\u00c9PLACEMENTS PROFESSIONNELS \u27afVOYAGES SCOLAIRES\u260e+32 2 512.01.01","robots":{"index":"index","follow":"follow","max-snippet":"max-snippet:-1","max-image-preview":"max-image-preview:large","max-video-preview":"max-video-preview:-1"},"canonical":"https:\/\/www.autocar.brussels\/fr\/louer-un-bus-a-bruxelles\/","og_locale":"fr_FR","og_type":"article","og_title":"Louer un Bus \u00e0 Bruxelles\u27a4 transfert aeroport","og_description":"Louer un Bus \u00e0 Bruxelles\u27a4 Contactez-nous \u27afTRANSFERT A\u00c9ROPORT\u27af D\u00c9PLACEMENTS PROFESSIONNELS \u27afVOYAGES SCOLAIRES\u260e+32 2 512.01.01","og_url":"https:\/\/www.autocar.brussels\/fr\/louer-un-bus-a-bruxelles\/","og_site_name":"Location minibus bruxelles","article_publisher":"https:\/\/www.facebook.com\/LimostarLimousineServices\/","article_modified_time":"2021-12-05T02:06:12+00:00","og_image":[{"width":1280,"height":864,"url":"https:\/\/www.autocar.brussels\/wp-content\/uploads\/2021\/12\/chauffeur-de-bus-scaled.jpg","type":"image\/jpeg"}],"twitter_card":"summary_large_image","twitter_misc":{"Dur\u00e9e de lecture estim\u00e9e":"2 minutes"},"schema":{"@context":"https:\/\/schema.org","@graph":[{"@type":"WebPage","@id":"https:\/\/www.autocar.brussels\/fr\/louer-un-bus-a-bruxelles\/","url":"https:\/\/www.autocar.brussels\/fr\/louer-un-bus-a-bruxelles\/","name":"Louer un Bus \u00e0 Bruxelles\u27a4 transfert aeroport","isPartOf":{"@id":"https:\/\/www.autocar.brussels\/fr\/#website"},"datePublished":"2017-12-22T10:25:20+00:00","dateModified":"2021-12-05T02:06:12+00:00","description":"Louer un Bus \u00e0 Bruxelles\u27a4 Contactez-nous \u27afTRANSFERT A\u00c9ROPORT\u27af D\u00c9PLACEMENTS PROFESSIONNELS \u27afVOYAGES SCOLAIRES\u260e+32 2 512.01.01","breadcrumb":{"@id":"https:\/\/www.autocar.brussels\/fr\/louer-un-bus-a-bruxelles\/#breadcrumb"},"inLanguage":"fr-FR","potentialAction":[{"@type":"ReadAction","target":["https:\/\/www.autocar.brussels\/fr\/louer-un-bus-a-bruxelles\/"]}]},{"@type":"BreadcrumbList","@id":"https:\/\/www.autocar.brussels\/fr\/louer-un-bus-a-bruxelles\/#breadcrumb","itemListElement":[{"@type":"ListItem","position":1,"name":"Accueil","item":"https:\/\/www.autocar.brussels\/"},{"@type":"ListItem","position":2,"name":"Louer un Bus \u00e0 Bruxelles"}]},{"@type":"WebSite","@id":"https:\/\/www.autocar.brussels\/fr\/#website","url":"https:\/\/www.autocar.brussels\/fr\/","name":"Location minibus bruxelles","description":"Bus et autocar avec chauffeur en Belgique","publisher":{"@id":"https:\/\/www.autocar.brussels\/fr\/#organization"},"potentialAction":[{"@type":"SearchAction","target":{"@type":"EntryPoint","urlTemplate":"https:\/\/www.autocar.brussels\/fr\/?s={search_term_string}"},"query-input":{"@type":"PropertyValueSpecification","valueRequired":true,"valueName":"search_term_string"}}],"inLanguage":"fr-FR"},{"@type":"Organization","@id":"https:\/\/www.autocar.brussels\/fr\/#organization","name":"location minibus bruxelles","alternateName":"Location Autocar Bruxelles","url":"https:\/\/www.autocar.brussels\/fr\/","logo":{"@type":"ImageObject","inLanguage":"fr-FR","@id":"https:\/\/www.autocar.brussels\/fr\/#\/schema\/logo\/image\/","url":"https:\/\/www.autocar.brussels\/wp-content\/uploads\/2018\/01\/logo-limo-footer.png","contentUrl":"https:\/\/www.autocar.brussels\/wp-content\/uploads\/2018\/01\/logo-limo-footer.png","width":177,"height":39,"caption":"location minibus bruxelles"},"image":{"@id":"https:\/\/www.autocar.brussels\/fr\/#\/schema\/logo\/image\/"},"sameAs":["https:\/\/www.facebook.com\/LimostarLimousineServices\/"]}]}},"_links":{"self":[{"href":"https:\/\/www.autocar.brussels\/fr\/wp-json\/wp\/v2\/pages\/2543","targetHints":{"allow":["GET"]}}],"collection":[{"href":"https:\/\/www.autocar.brussels\/fr\/wp-json\/wp\/v2\/pages"}],"about":[{"href":"https:\/\/www.autocar.brussels\/fr\/wp-json\/wp\/v2\/types\/page"}],"author":[{"embeddable":true,"href":"https:\/\/www.autocar.brussels\/fr\/wp-json\/wp\/v2\/users\/1"}],"replies":[{"embeddable":true,"href":"https:\/\/www.autocar.brussels\/fr\/wp-json\/wp\/v2\/comments?post=2543"}],"version-history":[{"count":11,"href":"https:\/\/www.autocar.brussels\/fr\/wp-json\/wp\/v2\/pages\/2543\/revisions"}],"predecessor-version":[{"id":2908,"href":"https:\/\/www.autocar.brussels\/fr\/wp-json\/wp\/v2\/pages\/2543\/revisions\/2908"}],"wp:attachment":[{"href":"https:\/\/www.autocar.brussels\/fr\/wp-json\/wp\/v2\/media?parent=2543"}],"curies":[{"name":"wp","href":"https:\/\/api.w.org\/{rel}","templated":true}]}}