{"id":2477,"date":"2017-12-21T09:25:53","date_gmt":"2017-12-21T08:25:53","guid":{"rendered":"https:\/\/www.autocar.brussels\/demo\/?page_id=2477"},"modified":"2020-06-21T18:41:52","modified_gmt":"2020-06-21T16:41:52","slug":"excursions","status":"publish","type":"page","link":"https:\/\/www.autocar.brussels\/fr\/location-minibus-bruxelles\/excursions\/","title":{"rendered":"Location Minibus Bruxelles &#038; Bus VIP \u2602 Excursions"},"content":{"rendered":"<div class=\"wpb-content-wrapper\"><p>[vc_row][vc_column][vc_custom_heading text=\u00a0\u00bbLocation Minibus Bruxelles pas cher\u00a0\u00bb use_theme_fonts=\u00a0\u00bbyes\u00a0\u00bb el_class=\u00a0\u00bbtitle\u00a0\u00bb][vc_empty_space height=\u00a0\u00bb15&Prime;][vc_column_text]<strong>Vous voulez organiser des s\u00e9jours touristiques ? Vous cherchez le confort et la s\u00e9curit\u00e9 pour vos groupes de touristes ?<\/strong><br \/>\nNotre soci\u00e9t\u00e9 est l\u00e0 pour r\u00e9aliser tous vos demandes gr\u00e2ce \u00e0 notre plateforme de r\u00e9servation de bus avec chauffeur, nous permettons \u00e0 tous les organisateurs de planifier avec flexibilit\u00e9 leur voyage. Notre service de mise en relation vous propose des bus bien \u00e9quip\u00e9s de tous ce qui est n\u00e9cessaire pour le confort des voyageurs et pour leurs aider \u00e0 vivre un voyage de groupe relaxant et paisible. Nous travaillons toujours sur le bon d\u00e9roulement de votre voyage de groupe, la satisfaction et la s\u00e9curit\u00e9 de notre client\u00e8le est notre priorit\u00e9. Toutefois, nous appr\u00e9cions toutes les remarques de votre part pour nous permettre de constamment am\u00e9liorer nos services.<\/p>\n<h3><a href=\"https:\/\/www.locationautocar.be\/\">Voyages par autocars, limousines &amp; minibus \u00e0 Bruxelles<\/a><\/h3>\n<p>minibus ultramodernes, c&rsquo;est Fun Cars \u00e0 Bruxelles. N&rsquo;h\u00e9sitez pas \u00e0 nous contacter les prix d\u00e9marrent \u00e0 250\u20ac pour 25 personnes et\u00a0 selon votre id\u00e9e de voyage, vous \u00eates libre de r\u00e9server un bus en Bruxelles\u00a0Notre entreprise de location de bus, vans, minibus et de cars avec chauffeurs vous accompagne dans tous vos d\u00e9placements que vous soyez[\/vc_column_text][vc_empty_space height=\u00a0\u00bb15&Prime;][\/vc_column][\/vc_row][vc_row][vc_column width=\u00a0\u00bb1\/3&Prime;][vc_single_image image=\u00a0\u00bb2488&Prime; img_size=\u00a0\u00bblarge\u00a0\u00bb style=\u00a0\u00bbvc_box_border\u00a0\u00bb][\/vc_column][vc_column width=\u00a0\u00bb1\/3&Prime;][vc_single_image image=\u00a0\u00bb2490&Prime; img_size=\u00a0\u00bblarge\u00a0\u00bb style=\u00a0\u00bbvc_box_border\u00a0\u00bb][\/vc_column][vc_column width=\u00a0\u00bb1\/3&Prime;][vc_single_image image=\u00a0\u00bb2489&Prime; img_size=\u00a0\u00bblarge\u00a0\u00bb style=\u00a0\u00bbvc_box_border\u00a0\u00bb][\/vc_column][\/vc_row][vc_row][vc_column][vc_custom_heading text=\u00a0\u00bbNos services autocar bruxelles\u00a0\u00bb font_container=\u00a0\u00bbtag:h4|text_align:left\u00a0\u00bb use_theme_fonts=\u00a0\u00bbyes\u00a0\u00bb el_class=\u00a0\u00bbtitle\u00a0\u00bb][\/vc_column][\/vc_row][vc_row][vc_column width=\u00a0\u00bb1\/3&Prime;]<div class='icon icon-center'><div class='icon-header'><div class='icon-media'><i class='fa fa fa-graduation-cap'><\/i><\/div><h3 class='icon-title text-uppercase'>Voyages scolaires <\/h3><\/div><p>Vous voulez pr\u00e9parer un voyage scolaire avec une ou plusieurs classes d\u2019\u00e9l\u00e8ves ? Chez nous, vous trouverez les solutions sur mesure les plus adapt\u00e9es \u00e0 vos besoins, nous serions heureux de vous y aider.<\/p><a href='https:\/\/www.autocar.brussels\/demo\/nos-services\/' target='_self' class='btn btn-md btn-minimal'>Read more<\/a><\/div>[\/vc_column][vc_column width=\u00a0\u00bb1\/3&Prime;]<div class='icon icon-center'><div class='icon-header'><div class='icon-media'><i class='fa fa fa-plane'><\/i><\/div><h3 class='icon-title text-uppercase'>Transferts a\u00e9roports <\/h3><\/div><p>Transferts a\u00e9roports. Lors de vos voyages que ce soit en petits ou grands groupes, m\u00eame avec beaucoup de bagages, notre chauffeur vous attendra \u00e0 l\u2019a\u00e9roport ou \u00e0 la gare et vous conduira directement \u00e0 destination sans probl\u00e8mes de retard.<\/p><a href='https:\/\/www.autocar.brussels\/demo\/nos-services\/' target='_self' class='btn btn-md btn-minimal'>Read more<\/a><\/div>[\/vc_column][vc_column width=\u00a0\u00bb1\/3&Prime;]<div class='icon icon-center'><div class='icon-header'><div class='icon-media'><i class='fa fa fa-briefcase'><\/i><\/div><h3 class='icon-title text-uppercase'>D\u00e9placements professionnels<\/h3><\/div><p>Vous recherchez une <a href=\"https:\/\/www.location-bus.be\/\">location bus bruxelles<\/a> pour les sorties d&rsquo;entreprises, s\u00e9minaires, conf\u00e9rences ou voyages d&rsquo;affaires ? Notre soci\u00e9t\u00e9 se chargera de tous les d\u00e9placements, &#8230;<\/p><a href='https:\/\/www.autocar.brussels\/demo\/nos-services\/' target='_self' class='btn btn-md btn-minimal'>Read more<\/a><\/div>[\/vc_column][\/vc_row][vc_row][vc_column][vc_empty_space height=\u00a0\u00bb50px\u00a0\u00bb][\/vc_column][\/vc_row][vc_row][vc_column]<h3 class='heading-middle  style-1' ><span>Voyages par autocars, limousines &amp; minibus \u00e0 Bruxelles&amp; Bus VIP \u2602 Excursions<\/span><\/h3>[\/vc_column][\/vc_row]<\/p>\n<\/div>","protected":false},"excerpt":{"rendered":"<p>[vc_row][vc_column][vc_custom_heading text=\u00a0\u00bbLocation Minibus Bruxelles pas cher\u00a0\u00bb use_theme_fonts=\u00a0\u00bbyes\u00a0\u00bb el_class=\u00a0\u00bbtitle\u00a0\u00bb][vc_empty_space height=\u00a0\u00bb15&Prime;][vc_column_text]Vous voulez organiser des s\u00e9jours touristiques ? Vous cherchez le confort et la s\u00e9curit\u00e9 pour vos groupes de touristes ? Notre soci\u00e9t\u00e9 est l\u00e0 pour r\u00e9aliser tous vos demandes gr\u00e2ce \u00e0 notre &hellip;<\/p>\n","protected":false},"author":1,"featured_media":0,"parent":2744,"menu_order":0,"comment_status":"closed","ping_status":"closed","template":"","meta":{"footnotes":""},"class_list":["post-2477","page","type-page","status-publish","hentry"],"yoast_head":"<!-- This site is optimized with the Yoast SEO plugin v27.5 - https:\/\/yoast.com\/product\/yoast-seo-wordpress\/ -->\n<title>Location Mini-Bus &amp; Bus VIP \u2602 Excursions Bruxelles<\/title>\n<meta name=\"description\" content=\"Location Mini-Bus &amp; Bus VIP \u2602 Excursions Bruxelles R\u00e9servez votre autocar avec chauffeur priv\u00e9 pour les mises \u00e0 disposition et transferts. Demande de prix personnalis\u00e9es \u260e+32 2 512.01.01 Autocar Brussels \u261bAvenue Louise 65, 1050 Bruxelles\" \/>\n<meta name=\"robots\" content=\"index, follow, max-snippet:-1, max-image-preview:large, max-video-preview:-1\" \/>\n<link rel=\"canonical\" href=\"https:\/\/www.autocar.brussels\/fr\/location-minibus-bruxelles\/excursions\/\" \/>\n<meta property=\"og:locale\" content=\"fr_FR\" \/>\n<meta property=\"og:type\" content=\"article\" \/>\n<meta property=\"og:title\" content=\"Location Mini-Bus &amp; Bus VIP \u2602 Excursions Bruxelles\" \/>\n<meta property=\"og:description\" content=\"Location Mini-Bus &amp; Bus VIP \u2602 Excursions Bruxelles R\u00e9servez votre autocar avec chauffeur priv\u00e9 pour les mises \u00e0 disposition et transferts. Demande de prix personnalis\u00e9es \u260e+32 2 512.01.01 Autocar Brussels \u261bAvenue Louise 65, 1050 Bruxelles\" \/>\n<meta property=\"og:url\" content=\"https:\/\/www.autocar.brussels\/fr\/location-minibus-bruxelles\/excursions\/\" \/>\n<meta property=\"og:site_name\" content=\"Location minibus bruxelles\" \/>\n<meta property=\"article:publisher\" content=\"https:\/\/www.facebook.com\/LimostarLimousineServices\/\" \/>\n<meta property=\"article:modified_time\" content=\"2020-06-21T16:41:52+00:00\" \/>\n<meta property=\"og:image\" content=\"https:\/\/www.autocar.brussels\/wp-content\/uploads\/2021\/12\/chauffeur-de-bus-scaled.jpg\" \/>\n\t<meta property=\"og:image:width\" content=\"1280\" \/>\n\t<meta property=\"og:image:height\" content=\"864\" \/>\n\t<meta property=\"og:image:type\" content=\"image\/jpeg\" \/>\n<meta name=\"twitter:card\" content=\"summary_large_image\" \/>\n<meta name=\"twitter:label1\" content=\"Dur\u00e9e de lecture estim\u00e9e\" \/>\n\t<meta name=\"twitter:data1\" content=\"5 minutes\" \/>\n<script type=\"application\/ld+json\" class=\"yoast-schema-graph\">{\"@context\":\"https:\\\/\\\/schema.org\",\"@graph\":[{\"@type\":\"WebPage\",\"@id\":\"https:\\\/\\\/www.autocar.brussels\\\/fr\\\/location-minibus-bruxelles\\\/excursions\\\/\",\"url\":\"https:\\\/\\\/www.autocar.brussels\\\/fr\\\/location-minibus-bruxelles\\\/excursions\\\/\",\"name\":\"Location Mini-Bus & Bus VIP \u2602 Excursions Bruxelles\",\"isPartOf\":{\"@id\":\"https:\\\/\\\/www.autocar.brussels\\\/fr\\\/#website\"},\"datePublished\":\"2017-12-21T08:25:53+00:00\",\"dateModified\":\"2020-06-21T16:41:52+00:00\",\"description\":\"Location Mini-Bus & Bus VIP \u2602 Excursions Bruxelles R\u00e9servez votre autocar avec chauffeur priv\u00e9 pour les mises \u00e0 disposition et transferts. Demande de prix personnalis\u00e9es \u260e+32 2 512.01.01 Autocar Brussels \u261bAvenue Louise 65, 1050 Bruxelles\",\"breadcrumb\":{\"@id\":\"https:\\\/\\\/www.autocar.brussels\\\/fr\\\/location-minibus-bruxelles\\\/excursions\\\/#breadcrumb\"},\"inLanguage\":\"fr-FR\",\"potentialAction\":[{\"@type\":\"ReadAction\",\"target\":[\"https:\\\/\\\/www.autocar.brussels\\\/fr\\\/location-minibus-bruxelles\\\/excursions\\\/\"]}]},{\"@type\":\"BreadcrumbList\",\"@id\":\"https:\\\/\\\/www.autocar.brussels\\\/fr\\\/location-minibus-bruxelles\\\/excursions\\\/#breadcrumb\",\"itemListElement\":[{\"@type\":\"ListItem\",\"position\":1,\"name\":\"Accueil\",\"item\":\"https:\\\/\\\/www.autocar.brussels\\\/\"},{\"@type\":\"ListItem\",\"position\":2,\"name\":\"Location Minibus Bruxelles\",\"item\":\"https:\\\/\\\/www.autocar.brussels\\\/fr\\\/location-minibus-bruxelles\\\/\"},{\"@type\":\"ListItem\",\"position\":3,\"name\":\"Location Minibus Bruxelles &#038; Bus VIP \u2602 Excursions\"}]},{\"@type\":\"WebSite\",\"@id\":\"https:\\\/\\\/www.autocar.brussels\\\/fr\\\/#website\",\"url\":\"https:\\\/\\\/www.autocar.brussels\\\/fr\\\/\",\"name\":\"Location minibus bruxelles\",\"description\":\"Bus et autocar avec chauffeur en Belgique\",\"publisher\":{\"@id\":\"https:\\\/\\\/www.autocar.brussels\\\/fr\\\/#organization\"},\"potentialAction\":[{\"@type\":\"SearchAction\",\"target\":{\"@type\":\"EntryPoint\",\"urlTemplate\":\"https:\\\/\\\/www.autocar.brussels\\\/fr\\\/?s={search_term_string}\"},\"query-input\":{\"@type\":\"PropertyValueSpecification\",\"valueRequired\":true,\"valueName\":\"search_term_string\"}}],\"inLanguage\":\"fr-FR\"},{\"@type\":\"Organization\",\"@id\":\"https:\\\/\\\/www.autocar.brussels\\\/fr\\\/#organization\",\"name\":\"location minibus bruxelles\",\"alternateName\":\"Location Autocar Bruxelles\",\"url\":\"https:\\\/\\\/www.autocar.brussels\\\/fr\\\/\",\"logo\":{\"@type\":\"ImageObject\",\"inLanguage\":\"fr-FR\",\"@id\":\"https:\\\/\\\/www.autocar.brussels\\\/fr\\\/#\\\/schema\\\/logo\\\/image\\\/\",\"url\":\"https:\\\/\\\/www.autocar.brussels\\\/wp-content\\\/uploads\\\/2018\\\/01\\\/logo-limo-footer.png\",\"contentUrl\":\"https:\\\/\\\/www.autocar.brussels\\\/wp-content\\\/uploads\\\/2018\\\/01\\\/logo-limo-footer.png\",\"width\":177,\"height\":39,\"caption\":\"location minibus bruxelles\"},\"image\":{\"@id\":\"https:\\\/\\\/www.autocar.brussels\\\/fr\\\/#\\\/schema\\\/logo\\\/image\\\/\"},\"sameAs\":[\"https:\\\/\\\/www.facebook.com\\\/LimostarLimousineServices\\\/\"]}]}<\/script>\n<!-- \/ Yoast SEO plugin. -->","yoast_head_json":{"title":"Location Mini-Bus & Bus VIP \u2602 Excursions Bruxelles","description":"Location Mini-Bus & Bus VIP \u2602 Excursions Bruxelles R\u00e9servez votre autocar avec chauffeur priv\u00e9 pour les mises \u00e0 disposition et transferts. Demande de prix personnalis\u00e9es \u260e+32 2 512.01.01 Autocar Brussels \u261bAvenue Louise 65, 1050 Bruxelles","robots":{"index":"index","follow":"follow","max-snippet":"max-snippet:-1","max-image-preview":"max-image-preview:large","max-video-preview":"max-video-preview:-1"},"canonical":"https:\/\/www.autocar.brussels\/fr\/location-minibus-bruxelles\/excursions\/","og_locale":"fr_FR","og_type":"article","og_title":"Location Mini-Bus & Bus VIP \u2602 Excursions Bruxelles","og_description":"Location Mini-Bus & Bus VIP \u2602 Excursions Bruxelles R\u00e9servez votre autocar avec chauffeur priv\u00e9 pour les mises \u00e0 disposition et transferts. Demande de prix personnalis\u00e9es \u260e+32 2 512.01.01 Autocar Brussels \u261bAvenue Louise 65, 1050 Bruxelles","og_url":"https:\/\/www.autocar.brussels\/fr\/location-minibus-bruxelles\/excursions\/","og_site_name":"Location minibus bruxelles","article_publisher":"https:\/\/www.facebook.com\/LimostarLimousineServices\/","article_modified_time":"2020-06-21T16:41:52+00:00","og_image":[{"width":1280,"height":864,"url":"https:\/\/www.autocar.brussels\/wp-content\/uploads\/2021\/12\/chauffeur-de-bus-scaled.jpg","type":"image\/jpeg"}],"twitter_card":"summary_large_image","twitter_misc":{"Dur\u00e9e de lecture estim\u00e9e":"5 minutes"},"schema":{"@context":"https:\/\/schema.org","@graph":[{"@type":"WebPage","@id":"https:\/\/www.autocar.brussels\/fr\/location-minibus-bruxelles\/excursions\/","url":"https:\/\/www.autocar.brussels\/fr\/location-minibus-bruxelles\/excursions\/","name":"Location Mini-Bus & Bus VIP \u2602 Excursions Bruxelles","isPartOf":{"@id":"https:\/\/www.autocar.brussels\/fr\/#website"},"datePublished":"2017-12-21T08:25:53+00:00","dateModified":"2020-06-21T16:41:52+00:00","description":"Location Mini-Bus & Bus VIP \u2602 Excursions Bruxelles R\u00e9servez votre autocar avec chauffeur priv\u00e9 pour les mises \u00e0 disposition et transferts. Demande de prix personnalis\u00e9es \u260e+32 2 512.01.01 Autocar Brussels \u261bAvenue Louise 65, 1050 Bruxelles","breadcrumb":{"@id":"https:\/\/www.autocar.brussels\/fr\/location-minibus-bruxelles\/excursions\/#breadcrumb"},"inLanguage":"fr-FR","potentialAction":[{"@type":"ReadAction","target":["https:\/\/www.autocar.brussels\/fr\/location-minibus-bruxelles\/excursions\/"]}]},{"@type":"BreadcrumbList","@id":"https:\/\/www.autocar.brussels\/fr\/location-minibus-bruxelles\/excursions\/#breadcrumb","itemListElement":[{"@type":"ListItem","position":1,"name":"Accueil","item":"https:\/\/www.autocar.brussels\/"},{"@type":"ListItem","position":2,"name":"Location Minibus Bruxelles","item":"https:\/\/www.autocar.brussels\/fr\/location-minibus-bruxelles\/"},{"@type":"ListItem","position":3,"name":"Location Minibus Bruxelles &#038; Bus VIP \u2602 Excursions"}]},{"@type":"WebSite","@id":"https:\/\/www.autocar.brussels\/fr\/#website","url":"https:\/\/www.autocar.brussels\/fr\/","name":"Location minibus bruxelles","description":"Bus et autocar avec chauffeur en Belgique","publisher":{"@id":"https:\/\/www.autocar.brussels\/fr\/#organization"},"potentialAction":[{"@type":"SearchAction","target":{"@type":"EntryPoint","urlTemplate":"https:\/\/www.autocar.brussels\/fr\/?s={search_term_string}"},"query-input":{"@type":"PropertyValueSpecification","valueRequired":true,"valueName":"search_term_string"}}],"inLanguage":"fr-FR"},{"@type":"Organization","@id":"https:\/\/www.autocar.brussels\/fr\/#organization","name":"location minibus bruxelles","alternateName":"Location Autocar Bruxelles","url":"https:\/\/www.autocar.brussels\/fr\/","logo":{"@type":"ImageObject","inLanguage":"fr-FR","@id":"https:\/\/www.autocar.brussels\/fr\/#\/schema\/logo\/image\/","url":"https:\/\/www.autocar.brussels\/wp-content\/uploads\/2018\/01\/logo-limo-footer.png","contentUrl":"https:\/\/www.autocar.brussels\/wp-content\/uploads\/2018\/01\/logo-limo-footer.png","width":177,"height":39,"caption":"location minibus bruxelles"},"image":{"@id":"https:\/\/www.autocar.brussels\/fr\/#\/schema\/logo\/image\/"},"sameAs":["https:\/\/www.facebook.com\/LimostarLimousineServices\/"]}]}},"_links":{"self":[{"href":"https:\/\/www.autocar.brussels\/fr\/wp-json\/wp\/v2\/pages\/2477","targetHints":{"allow":["GET"]}}],"collection":[{"href":"https:\/\/www.autocar.brussels\/fr\/wp-json\/wp\/v2\/pages"}],"about":[{"href":"https:\/\/www.autocar.brussels\/fr\/wp-json\/wp\/v2\/types\/page"}],"author":[{"embeddable":true,"href":"https:\/\/www.autocar.brussels\/fr\/wp-json\/wp\/v2\/users\/1"}],"replies":[{"embeddable":true,"href":"https:\/\/www.autocar.brussels\/fr\/wp-json\/wp\/v2\/comments?post=2477"}],"version-history":[{"count":23,"href":"https:\/\/www.autocar.brussels\/fr\/wp-json\/wp\/v2\/pages\/2477\/revisions"}],"predecessor-version":[{"id":2838,"href":"https:\/\/www.autocar.brussels\/fr\/wp-json\/wp\/v2\/pages\/2477\/revisions\/2838"}],"up":[{"embeddable":true,"href":"https:\/\/www.autocar.brussels\/fr\/wp-json\/wp\/v2\/pages\/2744"}],"wp:attachment":[{"href":"https:\/\/www.autocar.brussels\/fr\/wp-json\/wp\/v2\/media?parent=2477"}],"curies":[{"name":"wp","href":"https:\/\/api.w.org\/{rel}","templated":true}]}}