{"id":2477,"date":"2017-12-21T09:25:53","date_gmt":"2017-12-21T08:25:53","guid":{"rendered":"https:\/\/www.autocar.brussels\/demo\/?page_id=2477"},"modified":"2020-06-21T18:41:52","modified_gmt":"2020-06-21T16:41:52","slug":"excursions","status":"publish","type":"page","link":"https:\/\/www.autocar.brussels\/en\/location-minibus-bruxelles\/excursions\/","title":{"rendered":"Rent Minibus Brussels &#038; VIP bus \u2602 Excursions"},"content":{"rendered":"<div class=\"wpb-content-wrapper\"><p>[vc_row][vc_column][vc_custom_heading text=&#8221;Rent Minibus Brussels cheap&#8221; use_theme_fonts=&#8221;yes&#8221; el_class=&#8221;title&#8221;][vc_empty_space height=&#8221;15&#8243;][vc_column_text]<strong>You want to organize tourist stays? Looking for comfort and security for your tour groups?<\/strong><br \/>\nOur company is there to fulfill all your requests thanks to our platform of reservation of bus with driver, we allow all the organizers to plan their trip with flexibility. Our connecting service offers well-equipped buses with all that is necessary for the comfort of the travelers and to help them to live a relaxing and peaceful group trip. We are always working on the smooth running of your group trip, the satisfaction and security of our customers is our priority. However, we appreciate all the feedback from you to help us constantly improve our services.<\/p>\n<h3>Bus, limousine and minibus tours in Brussels<\/h3>\n<p>Ultramodern minibuses are Fun Cars in Brussels. Do not hesitate to contact us prices start at 250 \u20ac for 25 people and according to your idea of travel, you are free to book a bus in Brussels Our bus rental company, vans, minibuses and coaches with drivers accompanies you in all your travels whether you are[\/vc_column_text][vc_empty_space height=&#8221;15&#8243;][\/vc_column][\/vc_row][vc_row][vc_column width=&#8221;1\/3&#8243;][vc_single_image image=&#8221;2488&#8243; img_size=&#8221;large&#8221; style=&#8221;vc_box_border&#8221;][\/vc_column][vc_column width=&#8221;1\/3&#8243;][vc_single_image image=&#8221;2490&#8243; img_size=&#8221;large&#8221; style=&#8221;vc_box_border&#8221;][\/vc_column][vc_column width=&#8221;1\/3&#8243;][vc_single_image image=&#8221;2489&#8243; img_size=&#8221;large&#8221; style=&#8221;vc_box_border&#8221;][\/vc_column][\/vc_row][vc_row][vc_column][vc_custom_heading text=&#8221;Our services&#8221; use_theme_fonts=&#8221;yes&#8221; el_class=&#8221;title&#8221;][\/vc_column][\/vc_row][vc_row][vc_column width=&#8221;1\/3&#8243;]<div class='icon icon-center'><div class='icon-header'><div class='icon-media'><i class='fa fa fa-graduation-cap'><\/i><\/div><h3 class='icon-title text-uppercase'>School trips<\/h3><\/div><p>Do you want to prepare a school trip with one or more classes? At us, you will find the best solutions tailored to your needs, we would be happy to help you.<\/p><a href='https:\/\/www.autocar.brussels\/demo\/nos-services\/' target='_self' class='btn btn-md btn-minimal'>Read more<\/a><\/div>[\/vc_column][vc_column width=&#8221;1\/3&#8243;]<div class='icon icon-center'><div class='icon-header'><div class='icon-media'><i class='fa fa fa-plane'><\/i><\/div><h3 class='icon-title text-uppercase'>Airport transfers<\/h3><\/div><p>During your travels whether in small or large groups, even with a lot of luggage, our driver will meet you at the airport or at the train station and will take you directly to your destination without problems of delay.<\/p><a href='https:\/\/www.autocar.brussels\/demo\/nos-services\/' target='_self' class='btn btn-md btn-minimal'>Read more<\/a><\/div>[\/vc_column][vc_column width=&#8221;1\/3&#8243;]<div class='icon icon-center'><div class='icon-header'><div class='icon-media'><i class='fa fa fa-briefcase'><\/i><\/div><h3 class='icon-title text-uppercase'>Business trips<\/h3><\/div><p>Looking for a bus rental for company outings, seminars, conferences or business trips? Our company will take care of all trips, &#8230;<\/p><a href='https:\/\/www.autocar.brussels\/demo\/nos-services\/' target='_self' class='btn btn-md btn-minimal'>Read more<\/a><\/div>[\/vc_column][\/vc_row][vc_row][vc_column][vc_empty_space height=&#8221;50px&#8221;][\/vc_column][\/vc_row]<\/p>\n<\/div>","protected":false},"excerpt":{"rendered":"<p>[vc_row][vc_column][vc_custom_heading text=&#8221;Rent Minibus Brussels cheap&#8221; use_theme_fonts=&#8221;yes&#8221; el_class=&#8221;title&#8221;][vc_empty_space height=&#8221;15&#8243;][vc_column_text]You want to organize tourist stays? Looking for comfort and security for your tour groups? Our company is there to fulfill all your requests thanks to our platform of reservation of bus with &hellip;<\/p>\n","protected":false},"author":1,"featured_media":0,"parent":2744,"menu_order":0,"comment_status":"closed","ping_status":"closed","template":"","meta":{"footnotes":""},"class_list":["post-2477","page","type-page","status-publish","hentry"],"yoast_head":"<!-- This site is optimized with the Yoast SEO plugin v27.5 - https:\/\/yoast.com\/product\/yoast-seo-wordpress\/ -->\n<title>Location Mini-Bus &amp; Bus VIP \u2602 Excursions Bruxelles<\/title>\n<meta name=\"description\" content=\"Location Mini-Bus &amp; Bus VIP \u2602 Excursions Bruxelles R\u00e9servez votre autocar avec chauffeur priv\u00e9 pour les mises \u00e0 disposition et transferts. Demande de prix personnalis\u00e9es \u260e+32 2 512.01.01 Autocar Brussels \u261bAvenue Louise 65, 1050 Bruxelles\" \/>\n<meta name=\"robots\" content=\"index, follow, max-snippet:-1, max-image-preview:large, max-video-preview:-1\" \/>\n<link rel=\"canonical\" href=\"https:\/\/www.autocar.brussels\/fr\/location-minibus-bruxelles\/excursions\/\" \/>\n<meta property=\"og:locale\" content=\"en_US\" \/>\n<meta property=\"og:type\" content=\"article\" \/>\n<meta property=\"og:title\" content=\"Location Mini-Bus &amp; Bus VIP \u2602 Excursions Bruxelles\" \/>\n<meta property=\"og:description\" content=\"Location Mini-Bus &amp; Bus VIP \u2602 Excursions Bruxelles R\u00e9servez votre autocar avec chauffeur priv\u00e9 pour les mises \u00e0 disposition et transferts. Demande de prix personnalis\u00e9es \u260e+32 2 512.01.01 Autocar Brussels \u261bAvenue Louise 65, 1050 Bruxelles\" \/>\n<meta property=\"og:url\" content=\"https:\/\/www.autocar.brussels\/fr\/location-minibus-bruxelles\/excursions\/\" \/>\n<meta property=\"og:site_name\" content=\"Minibus with Driver Coach Hire in Belgium\" \/>\n<meta property=\"article:publisher\" content=\"https:\/\/www.facebook.com\/LimostarLimousineServices\/\" \/>\n<meta property=\"article:modified_time\" content=\"2020-06-21T16:41:52+00:00\" \/>\n<meta property=\"og:image\" content=\"https:\/\/www.autocar.brussels\/wp-content\/uploads\/2021\/12\/chauffeur-de-bus-scaled.jpg\" \/>\n\t<meta property=\"og:image:width\" content=\"1280\" \/>\n\t<meta property=\"og:image:height\" content=\"864\" \/>\n\t<meta property=\"og:image:type\" content=\"image\/jpeg\" \/>\n<meta name=\"twitter:card\" content=\"summary_large_image\" \/>\n<meta name=\"twitter:label1\" content=\"Est. reading time\" \/>\n\t<meta name=\"twitter:data1\" content=\"5 minutes\" \/>\n<script type=\"application\/ld+json\" class=\"yoast-schema-graph\">{\"@context\":\"https:\\\/\\\/schema.org\",\"@graph\":[{\"@type\":\"WebPage\",\"@id\":\"https:\\\/\\\/www.autocar.brussels\\\/fr\\\/location-minibus-bruxelles\\\/excursions\\\/\",\"url\":\"https:\\\/\\\/www.autocar.brussels\\\/fr\\\/location-minibus-bruxelles\\\/excursions\\\/\",\"name\":\"Location Mini-Bus & Bus VIP \u2602 Excursions Bruxelles\",\"isPartOf\":{\"@id\":\"https:\\\/\\\/www.autocar.brussels\\\/fr\\\/#website\"},\"datePublished\":\"2017-12-21T08:25:53+00:00\",\"dateModified\":\"2020-06-21T16:41:52+00:00\",\"description\":\"Location Mini-Bus & Bus VIP \u2602 Excursions Bruxelles R\u00e9servez votre autocar avec chauffeur priv\u00e9 pour les mises \u00e0 disposition et transferts. Demande de prix personnalis\u00e9es \u260e+32 2 512.01.01 Autocar Brussels \u261bAvenue Louise 65, 1050 Bruxelles\",\"breadcrumb\":{\"@id\":\"https:\\\/\\\/www.autocar.brussels\\\/fr\\\/location-minibus-bruxelles\\\/excursions\\\/#breadcrumb\"},\"inLanguage\":\"en-US\",\"potentialAction\":[{\"@type\":\"ReadAction\",\"target\":[\"https:\\\/\\\/www.autocar.brussels\\\/fr\\\/location-minibus-bruxelles\\\/excursions\\\/\"]}]},{\"@type\":\"BreadcrumbList\",\"@id\":\"https:\\\/\\\/www.autocar.brussels\\\/fr\\\/location-minibus-bruxelles\\\/excursions\\\/#breadcrumb\",\"itemListElement\":[{\"@type\":\"ListItem\",\"position\":1,\"name\":\"Accueil\",\"item\":\"https:\\\/\\\/www.autocar.brussels\\\/\"},{\"@type\":\"ListItem\",\"position\":2,\"name\":\"Location Minibus Bruxelles\",\"item\":\"https:\\\/\\\/www.autocar.brussels\\\/fr\\\/location-minibus-bruxelles\\\/\"},{\"@type\":\"ListItem\",\"position\":3,\"name\":\"Location Minibus Bruxelles &#038; Bus VIP \u2602 Excursions\"}]},{\"@type\":\"WebSite\",\"@id\":\"https:\\\/\\\/www.autocar.brussels\\\/fr\\\/#website\",\"url\":\"https:\\\/\\\/www.autocar.brussels\\\/fr\\\/\",\"name\":\"Minibus with Driver Coach Hire in Belgium\",\"description\":\"Coach, Minibus &amp; Bus Hire in Brussel\",\"publisher\":{\"@id\":\"https:\\\/\\\/www.autocar.brussels\\\/fr\\\/#organization\"},\"potentialAction\":[{\"@type\":\"SearchAction\",\"target\":{\"@type\":\"EntryPoint\",\"urlTemplate\":\"https:\\\/\\\/www.autocar.brussels\\\/fr\\\/?s={search_term_string}\"},\"query-input\":{\"@type\":\"PropertyValueSpecification\",\"valueRequired\":true,\"valueName\":\"search_term_string\"}}],\"inLanguage\":\"en-US\"},{\"@type\":\"Organization\",\"@id\":\"https:\\\/\\\/www.autocar.brussels\\\/fr\\\/#organization\",\"name\":\"location minibus bruxelles\",\"alternateName\":\"Location Autocar Bruxelles\",\"url\":\"https:\\\/\\\/www.autocar.brussels\\\/fr\\\/\",\"logo\":{\"@type\":\"ImageObject\",\"inLanguage\":\"en-US\",\"@id\":\"https:\\\/\\\/www.autocar.brussels\\\/fr\\\/#\\\/schema\\\/logo\\\/image\\\/\",\"url\":\"https:\\\/\\\/www.autocar.brussels\\\/wp-content\\\/uploads\\\/2018\\\/01\\\/logo-limo-footer.png\",\"contentUrl\":\"https:\\\/\\\/www.autocar.brussels\\\/wp-content\\\/uploads\\\/2018\\\/01\\\/logo-limo-footer.png\",\"width\":177,\"height\":39,\"caption\":\"location minibus bruxelles\"},\"image\":{\"@id\":\"https:\\\/\\\/www.autocar.brussels\\\/fr\\\/#\\\/schema\\\/logo\\\/image\\\/\"},\"sameAs\":[\"https:\\\/\\\/www.facebook.com\\\/LimostarLimousineServices\\\/\"]}]}<\/script>\n<!-- \/ Yoast SEO plugin. -->","yoast_head_json":{"title":"Location Mini-Bus & Bus VIP \u2602 Excursions Bruxelles","description":"Location Mini-Bus & Bus VIP \u2602 Excursions Bruxelles R\u00e9servez votre autocar avec chauffeur priv\u00e9 pour les mises \u00e0 disposition et transferts. Demande de prix personnalis\u00e9es \u260e+32 2 512.01.01 Autocar Brussels \u261bAvenue Louise 65, 1050 Bruxelles","robots":{"index":"index","follow":"follow","max-snippet":"max-snippet:-1","max-image-preview":"max-image-preview:large","max-video-preview":"max-video-preview:-1"},"canonical":"https:\/\/www.autocar.brussels\/fr\/location-minibus-bruxelles\/excursions\/","og_locale":"en_US","og_type":"article","og_title":"Location Mini-Bus & Bus VIP \u2602 Excursions Bruxelles","og_description":"Location Mini-Bus & Bus VIP \u2602 Excursions Bruxelles R\u00e9servez votre autocar avec chauffeur priv\u00e9 pour les mises \u00e0 disposition et transferts. Demande de prix personnalis\u00e9es \u260e+32 2 512.01.01 Autocar Brussels \u261bAvenue Louise 65, 1050 Bruxelles","og_url":"https:\/\/www.autocar.brussels\/fr\/location-minibus-bruxelles\/excursions\/","og_site_name":"Minibus with Driver Coach Hire in Belgium","article_publisher":"https:\/\/www.facebook.com\/LimostarLimousineServices\/","article_modified_time":"2020-06-21T16:41:52+00:00","og_image":[{"width":1280,"height":864,"url":"https:\/\/www.autocar.brussels\/wp-content\/uploads\/2021\/12\/chauffeur-de-bus-scaled.jpg","type":"image\/jpeg"}],"twitter_card":"summary_large_image","twitter_misc":{"Est. reading time":"5 minutes"},"schema":{"@context":"https:\/\/schema.org","@graph":[{"@type":"WebPage","@id":"https:\/\/www.autocar.brussels\/fr\/location-minibus-bruxelles\/excursions\/","url":"https:\/\/www.autocar.brussels\/fr\/location-minibus-bruxelles\/excursions\/","name":"Location Mini-Bus & Bus VIP \u2602 Excursions Bruxelles","isPartOf":{"@id":"https:\/\/www.autocar.brussels\/fr\/#website"},"datePublished":"2017-12-21T08:25:53+00:00","dateModified":"2020-06-21T16:41:52+00:00","description":"Location Mini-Bus & Bus VIP \u2602 Excursions Bruxelles R\u00e9servez votre autocar avec chauffeur priv\u00e9 pour les mises \u00e0 disposition et transferts. Demande de prix personnalis\u00e9es \u260e+32 2 512.01.01 Autocar Brussels \u261bAvenue Louise 65, 1050 Bruxelles","breadcrumb":{"@id":"https:\/\/www.autocar.brussels\/fr\/location-minibus-bruxelles\/excursions\/#breadcrumb"},"inLanguage":"en-US","potentialAction":[{"@type":"ReadAction","target":["https:\/\/www.autocar.brussels\/fr\/location-minibus-bruxelles\/excursions\/"]}]},{"@type":"BreadcrumbList","@id":"https:\/\/www.autocar.brussels\/fr\/location-minibus-bruxelles\/excursions\/#breadcrumb","itemListElement":[{"@type":"ListItem","position":1,"name":"Accueil","item":"https:\/\/www.autocar.brussels\/"},{"@type":"ListItem","position":2,"name":"Location Minibus Bruxelles","item":"https:\/\/www.autocar.brussels\/fr\/location-minibus-bruxelles\/"},{"@type":"ListItem","position":3,"name":"Location Minibus Bruxelles &#038; Bus VIP \u2602 Excursions"}]},{"@type":"WebSite","@id":"https:\/\/www.autocar.brussels\/fr\/#website","url":"https:\/\/www.autocar.brussels\/fr\/","name":"Minibus with Driver Coach Hire in Belgium","description":"Coach, Minibus &amp; Bus Hire in Brussel","publisher":{"@id":"https:\/\/www.autocar.brussels\/fr\/#organization"},"potentialAction":[{"@type":"SearchAction","target":{"@type":"EntryPoint","urlTemplate":"https:\/\/www.autocar.brussels\/fr\/?s={search_term_string}"},"query-input":{"@type":"PropertyValueSpecification","valueRequired":true,"valueName":"search_term_string"}}],"inLanguage":"en-US"},{"@type":"Organization","@id":"https:\/\/www.autocar.brussels\/fr\/#organization","name":"location minibus bruxelles","alternateName":"Location Autocar Bruxelles","url":"https:\/\/www.autocar.brussels\/fr\/","logo":{"@type":"ImageObject","inLanguage":"en-US","@id":"https:\/\/www.autocar.brussels\/fr\/#\/schema\/logo\/image\/","url":"https:\/\/www.autocar.brussels\/wp-content\/uploads\/2018\/01\/logo-limo-footer.png","contentUrl":"https:\/\/www.autocar.brussels\/wp-content\/uploads\/2018\/01\/logo-limo-footer.png","width":177,"height":39,"caption":"location minibus bruxelles"},"image":{"@id":"https:\/\/www.autocar.brussels\/fr\/#\/schema\/logo\/image\/"},"sameAs":["https:\/\/www.facebook.com\/LimostarLimousineServices\/"]}]}},"_links":{"self":[{"href":"https:\/\/www.autocar.brussels\/en\/wp-json\/wp\/v2\/pages\/2477","targetHints":{"allow":["GET"]}}],"collection":[{"href":"https:\/\/www.autocar.brussels\/en\/wp-json\/wp\/v2\/pages"}],"about":[{"href":"https:\/\/www.autocar.brussels\/en\/wp-json\/wp\/v2\/types\/page"}],"author":[{"embeddable":true,"href":"https:\/\/www.autocar.brussels\/en\/wp-json\/wp\/v2\/users\/1"}],"replies":[{"embeddable":true,"href":"https:\/\/www.autocar.brussels\/en\/wp-json\/wp\/v2\/comments?post=2477"}],"version-history":[{"count":23,"href":"https:\/\/www.autocar.brussels\/en\/wp-json\/wp\/v2\/pages\/2477\/revisions"}],"predecessor-version":[{"id":2838,"href":"https:\/\/www.autocar.brussels\/en\/wp-json\/wp\/v2\/pages\/2477\/revisions\/2838"}],"up":[{"embeddable":true,"href":"https:\/\/www.autocar.brussels\/en\/wp-json\/wp\/v2\/pages\/2744"}],"wp:attachment":[{"href":"https:\/\/www.autocar.brussels\/en\/wp-json\/wp\/v2\/media?parent=2477"}],"curies":[{"name":"wp","href":"https:\/\/api.w.org\/{rel}","templated":true}]}}