{"id":2441,"date":"2017-12-20T14:27:24","date_gmt":"2017-12-20T13:27:24","guid":{"rendered":"https:\/\/www.autocar.brussels\/demo\/?page_id=2441"},"modified":"2018-03-29T16:16:24","modified_gmt":"2018-03-29T14:16:24","slug":"services-de-location-autocar","status":"publish","type":"page","link":"https:\/\/www.autocar.brussels\/en\/services-de-location-autocar\/","title":{"rendered":"Bus Rental Services Brussels"},"content":{"rendered":"<div class=\"wpb-content-wrapper\"><p>[vc_row css=&#8221;.vc_custom_1453212299071{margin-bottom: 20px !important;}&#8221;][vc_column][vc_custom_heading text=&#8221;OUR SERVICES&#8221; font_container=&#8221;tag:h2|text_align:center&#8221; use_theme_fonts=&#8221;yes&#8221; el_class=&#8221;title&#8221;][\/vc_column][\/vc_row][vc_row][vc_column width=&#8221;2\/3&#8243;][vc_empty_space][vc_column_text]In order to always achieve your satisfaction, we have set up a team of advisers with solid experience in the field of transfers and who respects its commitment.<\/p>\n<p>So we have drawn up specifications that focus on achieving quality services (comfort, safety, customer reception, professionalism, &#8230;).<\/p>\n<p>Finally, your opinion is very important for us, all your complaints are systematically processed in order to put in place corrective actions and to give explanations as soon as possible.[\/vc_column_text][\/vc_column][vc_column width=&#8221;1\/3&#8243;][vc_single_image image=&#8221;2572&#8243; img_size=&#8221;large&#8221;][\/vc_column][\/vc_row][vc_row][vc_column][vc_separator style=&#8221;shadow&#8221; border_width=&#8221;2&#8243; el_width=&#8221;50&#8243; css_animation=&#8221;fadeIn&#8221;][\/vc_column][\/vc_row][vc_row][vc_column width=&#8221;1\/2&#8243;][vc_raw_html]JTNDZGl2JTIwY2xhc3MlM0QlMjJ0ZWFtJTIyJTNFJTBBJTIwJTIwJTIwJTIwJTIwJTIwJTIwJTIwJTIwJTIwJTIwJTIwJTNDZGl2JTIwY2xhc3MlM0QlMjJtZW1iZXIlMjBtZW1iZXItZnVsbCUyMiUzRSUwQSUyMCUyMCUyMCUyMCUyMCUyMCUyMCUyMCUyMCUyMCUyMCUyMCUyMCUyMCUyMCUyMCUzQ2RpdiUyMGNsYXNzJTNEJTIybWVtYmVyLXdyYXAlMjIlM0UlMEElMjAlMjAlMjAlMjAlMjAlMjAlMjAlMjAlMjAlMjAlMjAlMjAlMjAlMjAlMjAlMjAlMjAlMjAlMjAlMjAlM0NkaXYlMjBjbGFzcyUzRCUyMm1lbWJlci1pbWFnZSUyMiUyMHN0eWxlJTNEJTIybWFyZ2luLWJvdHRvbSUzQSUyMDAlM0IlMjIlM0UlM0NpbWclMjB3aWR0aCUzRCUyMjU1MyUyMiUyMHN0eWxlJTNEJTIyaGVpZ2h0JTNBMjczcHglMjAlMjFpbXBvcnRhbnQlMjIlMjBzcmMlM0QlMjJodHRwcyUzQSUyRiUyRnd3dy5hdXRvY2FyLmJydXNzZWxzJTJGd3AtY29udGVudCUyRnVwbG9hZHMlMkYyMDE4JTJGMDElMkZsb2NhdGlvbi1hdXRvY2FyLWJydXNzZWxzLTMwMHgxNDguanBnJTIyJTIwY2xhc3MlM0QlMjJhdHRhY2htZW50LTE0MjYlMjBzaXplLTE0MjYlMjB3cC1wb3N0LWltYWdlJTIyJTIwJTNFJTNDJTJGZGl2JTNFJTBBJTIwJTIwJTIwJTIwJTIwJTIwJTIwJTIwJTIwJTIwJTIwJTIwJTIwJTIwJTIwJTIwJTIwJTIwJTIwJTIwJTIwJTIwJTIwJTIwJTIwJTIwJTIwJTIwJTIwJTIwJTIwJTIwJTIwJTIwJTIwJTIwJTIwJTIwJTIwJTIwJTBBJTIwJTIwJTIwJTIwJTIwJTIwJTIwJTIwJTIwJTIwJTIwJTIwJTIwJTIwJTIwJTIwJTIwJTIwJTIwJTIwJTIwJTIwJTIwJTIwJTIwJTIwJTIwJTIwJTIwJTIwJTIwJTIwJTIwJTIwJTIwJTIwJTIwJTIwJTIwJTIwJTIwJTIwJTIwJTIwJTIwJTIwJTIwJTIwJTIwJTIwJTIwJTIwJTIwJTIwJTIwJTIwJTIwJTIwJTIwJTIwJTIwJTIwJTIwJTIwJTNDc3BhbiUyMGNsYXNzJTNEJTIybWVtYmVyLXRpdGxlJTIyJTIwc3R5bGUlM0QlMjIlMjAlMjAlMjAlMjBwYWRkaW5nLWJvdHRvbSUzQSUyMDE1cHglM0IlMjBwYWRkaW5nLXRvcCUzQSUyMDBweCUzQiUyMiUzRSUzQ2gzJTIwY2xhc3MlM0QlMjJwb3N0LXRpdGxlJTIwZW50cnktdGl0bGUlMjB0ZXh0LXVwcGVyY2FzZSUyMiUyMHN0eWxlJTNEJTIyJTIwJTIwJTIwJTIwcGFkZGluZy1sZWZ0JTNBJTIwMCUzQiUyMiUzRVNjaG9vbCUyMHRyaXBzJTIwJTNDJTJGaDMlM0UlM0MlMkZzcGFuJTNFJTBBJTIwJTIwJTIwJTIwJTIwJTIwJTIwJTIwJTIwJTIwJTIwJTIwJTIwJTIwJTIwJTIwJTIwJTIwJTIwJTIwJTIwJTIwJTIwJTIwJTIwJTIwJTIwJTIwJTIwJTIwJTIwJTIwJTIwJTIwJTIwJTIwJTIwJTIwJTIwJTIwJTNDZGl2JTIwY2xhc3MlM0QlMjJtZW1iZXItZGVzYyUyMiUzRSUzQ3AlMjBzdHlsZSUzRCUyMnRleHQtYWxpZ24lM0FqdXN0aWZ5JTIyJTNFRG8lMjB5b3UlMjB3YW50JTIwdG8lMjBwcmVwYXJlJTIwYSUyMHNjaG9vbCUyMHRyaXAlMjB3aXRoJTIwb25lJTIwb3IlMjBtb3JlJTIwY2xhc3NlcyUzRiUyMEF0JTIwdXMlMkMlMjB5b3UlMjB3aWxsJTIwZmluZCUyMHRoZSUyMGJlc3QlMjBzb2x1dGlvbnMlMjB0YWlsb3JlZCUyMHRvJTIweW91ciUyMG5lZWRzJTJDJTIwd2UlMjB3b3VsZCUyMGJlJTIwaGFwcHklMjB0byUyMGhlbHAlMjB5b3UuJTIwV2UlMjBhcmUlMjBwcm91ZCUyMHRvJTIwZXh0ZW5kJTIwb3VyJTIwZXhwZXJ0aXNlJTIwaW4lMjBzY2hvb2wlMjB0cmFuc3BvcnRhdGlvbiUyMHRvJTIwbWFrZSUyMHlvdSUyMGVuam95JTIwYW4lMjBleGNlcHRpb25hbCUyMHNjaG9vbCUyMHRyaXAlMjBpbiUyMGNvbmRpdGlvbnMlMjBvZiUyMHNhZmV0eSUyMGFuZCUyMGNvbWZvcnQuJTIwQWxsJTIwdGhhdCUyMGlzJTIwbmVlZGVkJTIwaXMlMjB3ZWxsJTIwb3JnYW5pemVkJTIwcmVnYXJkbGVzcyUyMG9mJTIwdGhlJTIwbnVtYmVyJTIwb2YlMjBzdHVkZW50cy4lMjAlMjAlM0NiciUzRSUwQUZvciUyMG1vcmUlMjBpbmZvcm1hdGlvbiUyQyUyMHdlJTIwYXJlJTIwYWx3YXlzJTIwYXQlMjB5b3VyJTIwZGlzcG9zYWwlMkMlMjBhY2Nlc3MlMjB0byUyMG91ciUyMHNlcnZpY2VzJTIwaXMlMjBzaW1wbGUlMjB3aGV0aGVyJTIwZm9yJTIwYSUyMHNjaG9vbCUyMHRyaXAlMjBvZiUyMHNldmVyYWwlMjBkYXlzJTIwb3IlMjBhJTIwc2luZ2xlJTIwZGF5JTJDJTIwd2UlMjBhY2NvbXBhbnklMjB5b3UlMjAyNCUyRjI0JTIwYnklMjBvdXIlMjB0ZWFtcyUyMGFuZCUyMGFsc28lMjB3ZSUyMHlvdSUyMGd1YXJhbnRlZSUyMHF1YWxpdHklMjB0cmFuc3BvcnQlMjB3aXRoJTIwYW4lMjBleHBlcmllbmNlZCUyMGRyaXZlci4lMEElM0MlMkZwJTNFJTBBJTNDJTJGZGl2JTNFJTBBJTIwJTIwJTIwJTIwJTIwJTIwJTIwJTIwJTIwJTIwJTIwJTIwJTIwJTIwJTIwJTIwJTNDJTJGZGl2JTNFJTBBJTIwJTIwJTIwJTIwJTIwJTIwJTIwJTIwJTIwJTIwJTIwJTIwJTNDJTJGZGl2JTNFJTBBJTIwJTIwJTIwJTIwJTIwJTIwJTIwJTIwJTNDJTJGZGl2JTNF[\/vc_raw_html][\/vc_column][vc_column width=&#8221;1\/2&#8243;][vc_raw_html]JTNDZGl2JTIwY2xhc3MlM0QlMjJ0ZWFtJTIyJTNFJTBBJTIwJTIwJTIwJTIwJTIwJTIwJTIwJTIwJTIwJTIwJTIwJTIwJTNDZGl2JTIwY2xhc3MlM0QlMjJtZW1iZXIlMjBtZW1iZXItZnVsbCUyMiUzRSUwQSUyMCUyMCUyMCUyMCUyMCUyMCUyMCUyMCUyMCUyMCUyMCUyMCUyMCUyMCUyMCUyMCUzQ2RpdiUyMGNsYXNzJTNEJTIybWVtYmVyLXdyYXAlMjIlM0UlMEElMjAlMjAlMjAlMjAlMjAlMjAlMjAlMjAlMjAlMjAlMjAlMjAlMjAlMjAlMjAlMjAlMjAlMjAlMjAlMjAlM0NkaXYlMjBjbGFzcyUzRCUyMm1lbWJlci1pbWFnZSUyMiUyMHN0eWxlJTNEJTIybWFyZ2luLWJvdHRvbSUzQSUyMDAlM0IlMjIlM0UlM0NpbWclMjB3aWR0aCUzRCUyMjU1MyUyMiUyMHN0eWxlJTNEJTIyaGVpZ2h0JTNBMjczcHglMjAlMjFpbXBvcnRhbnQlMjIlMjBzcmMlM0QlMjJodHRwcyUzQSUyRiUyRnd3dy5hdXRvY2FyLmJydXNzZWxzJTJGd3AtY29udGVudCUyRnVwbG9hZHMlMkYyMDE3JTJGMTIlMkZpbWctOC5qcGclMjIlMjBjbGFzcyUzRCUyMmF0dGFjaG1lbnQtMTQyNiUyMHNpemUtMTQyNiUyMHdwLXBvc3QtaW1hZ2UlMjIlMjAlM0UlM0MlMkZkaXYlM0UlMEElMjAlMjAlMjAlMjAlMjAlMjAlMjAlMjAlMjAlMjAlMjAlMjAlMjAlMjAlMjAlMjAlMjAlMjAlMjAlMjAlMjAlMjAlMjAlMjAlMjAlMjAlMjAlMjAlMjAlMjAlMjAlMjAlMjAlMjAlMjAlMjAlMjAlMjAlMjAlMjAlMEElMjAlMjAlMjAlMjAlMjAlMjAlMjAlMjAlMjAlMjAlMjAlMjAlMjAlMjAlMjAlMjAlMjAlMjAlMjAlMjAlMjAlMjAlMjAlMjAlMjAlMjAlMjAlMjAlMjAlMjAlMjAlMjAlMjAlMjAlMjAlMjAlMjAlMjAlMjAlMjAlMjAlMjAlMjAlMjAlMjAlMjAlMjAlMjAlMjAlMjAlMjAlMjAlMjAlMjAlMjAlMjAlMjAlMjAlMjAlMjAlMjAlMjAlMjAlMjAlM0NzcGFuJTIwY2xhc3MlM0QlMjJtZW1iZXItdGl0bGUlMjIlMjBzdHlsZSUzRCUyMiUyMCUyMCUyMCUyMHBhZGRpbmctYm90dG9tJTNBJTIwMTVweCUzQiUyMHBhZGRpbmctdG9wJTNBJTIwMHB4JTNCJTIyJTNFJTNDaDMlMjBjbGFzcyUzRCUyMnBvc3QtdGl0bGUlMjBlbnRyeS10aXRsZSUyMHRleHQtdXBwZXJjYXNlJTIyJTIwc3R5bGUlM0QlMjIlMjAlMjAlMjAlMjBwYWRkaW5nLWxlZnQlM0ElMjAwJTNCJTIyJTNFQWlycG9ydCUyMHRyYW5zZmVycyUyMCUyMCUzQyUyRmgzJTNFJTNDJTJGc3BhbiUzRSUwQSUyMCUyMCUyMCUyMCUyMCUyMCUyMCUyMCUyMCUyMCUyMCUyMCUyMCUyMCUyMCUyMCUyMCUyMCUyMCUyMCUyMCUyMCUyMCUyMCUyMCUyMCUyMCUyMCUyMCUyMCUyMCUyMCUyMCUyMCUyMCUyMCUyMCUyMCUyMCUyMCUzQ2RpdiUyMGNsYXNzJTNEJTIybWVtYmVyLWRlc2MlMjIlM0UlM0NwJTIwc3R5bGUlM0QlMjJ0ZXh0LWFsaWduJTNBanVzdGlmeSUyMiUzRUR1cmluZyUyMHlvdXIlMjB0cmF2ZWxzJTIwd2hldGhlciUyMGluJTIwc21hbGwlMjBvciUyMGxhcmdlJTIwZ3JvdXBzJTJDJTIwZXZlbiUyMHdpdGglMjBhJTIwbG90JTIwb2YlMjBsdWdnYWdlJTJDJTIwb3VyJTIwZHJpdmVyJTIwd2lsbCUyMG1lZXQlMjB5b3UlMjBhdCUyMHRoZSUyMGFpcnBvcnQlMjBvciUyMGF0JTIwdGhlJTIwdHJhaW4lMjBzdGF0aW9uJTIwYW5kJTIwd2lsbCUyMHRha2UlMjB5b3UlMjBkaXJlY3RseSUyMHRvJTIweW91ciUyMGRlc3RpbmF0aW9uJTIwd2l0aG91dCUyMHByb2JsZW1zJTIwb2YlMjBkZWxheS4lMjBBbmQlMjB0aGFua3MlMjB0byUyMG91ciUyMGV4cGVyaWVuY2UlMjBpbiUyMHRoZSUyMGZpZWxkJTIwb2YlMjB0cmFuc2ZlcnMlMkMlMjB3ZSUyMGhhdmUlMjBmYWNpbGl0YXRlZCUyMHRoZSUyMHNlYXJjaCUyMGZvciUyMHlvdXIlMjBkcml2ZXIlMjBhdCUyMHRoZSUyMHN0YXRpb24lMjBvciUyMGF0JTIwdGhlJTIwYWlycG9ydCUyMGJ5JTIwc2V0dGluZyUyMHVwJTIwYSUyMHZlcnklMjBtb2Rlcm4lMjBwcm9jZXNzLiUyME91ciUyMG1haW4lMjBnb2FsJTIwaXMlMjB0byUyMG9mZmVyJTIweW91JTIwYWxsJTIwdGhlJTIwbmVjZXNzYXJ5JTIwY29tZm9ydCUyMHdpdGhvdXQlMjBhbnklMjBzdHJlc3MlMkMlMjBlc3BlY2lhbGx5JTIwYWZ0ZXIlMjBhJTIwbG9uZyUyMGZsaWdodC4lMjBDYWxsaW5nJTIwb24lMjBvdXIlMjBzZXJ2aWNlcyUyMGlzJTIwdGhlJTIwYmVzdCUyMHNvbHV0aW9uJTIwZm9yJTIweW91ciUyMGdyb3VwJTIxJTIwV2UlMjBhcmUlMjBjb21taXR0ZWQlMjBieSUyMG91ciUyMG5ldHdvcmslMjBvZiUyMHByb2Zlc3Npb25hbHMlMjB0byUyMG1ha2UlMjB5b3UlMjBiZW5lZml0JTIwZnJvbSUyMHF1YWxpdHklMjBzZXJ2aWNlcyUyMGFkYXB0ZWQlMjB0byUyMHlvdXIlMjBuZWVkcyUyQyUyMGFuZCUyMHdlJTIwZ3VhcmFudGVlJTIwYSUyMHNpbXBsZSUyQyUyMGVjb25vbWljJTIwYW5kJTIwZmFzdCUyMHRyYW5zcG9ydC4lMjAlMjAlMEElM0MlMkZwJTNFJTBBJTNDJTJGZGl2JTNFJTBBJTIwJTIwJTIwJTIwJTIwJTIwJTIwJTIwJTIwJTIwJTIwJTIwJTIwJTIwJTIwJTIwJTNDJTJGZGl2JTNFJTBBJTIwJTIwJTIwJTIwJTIwJTIwJTIwJTIwJTIwJTIwJTIwJTIwJTNDJTJGZGl2JTNFJTBBJTIwJTIwJTIwJTIwJTIwJTIwJTIwJTIwJTNDJTJGZGl2JTNF[\/vc_raw_html][\/vc_column][\/vc_row][vc_row][vc_column width=&#8221;1\/2&#8243;][vc_raw_html]JTNDZGl2JTIwY2xhc3MlM0QlMjJ0ZWFtJTIyJTNFJTBBJTIwJTIwJTIwJTIwJTIwJTIwJTIwJTIwJTIwJTIwJTIwJTIwJTNDZGl2JTIwY2xhc3MlM0QlMjJtZW1iZXIlMjBtZW1iZXItZnVsbCUyMiUzRSUwQSUyMCUyMCUyMCUyMCUyMCUyMCUyMCUyMCUyMCUyMCUyMCUyMCUyMCUyMCUyMCUyMCUzQ2RpdiUyMGNsYXNzJTNEJTIybWVtYmVyLXdyYXAlMjIlM0UlMEElMjAlMjAlMjAlMjAlMjAlMjAlMjAlMjAlMjAlMjAlMjAlMjAlMjAlMjAlMjAlMjAlMjAlMjAlMjAlMjAlM0NkaXYlMjBjbGFzcyUzRCUyMm1lbWJlci1pbWFnZSUyMiUyMHN0eWxlJTNEJTIybWFyZ2luLWJvdHRvbSUzQSUyMDAlM0IlMjIlM0UlM0NpbWclMjB3aWR0aCUzRCUyMjU1MyUyMiUyMHN0eWxlJTNEJTIyaGVpZ2h0JTNBMjczcHglMjAlMjFpbXBvcnRhbnQlMjIlMjBzcmMlM0QlMjJodHRwcyUzQSUyRiUyRnd3dy5hdXRvY2FyLmJydXNzZWxzJTJGd3AtY29udGVudCUyRnVwbG9hZHMlMkYyMDE4JTJGMDElMkZsb2NhdGlvbi1idXMtYnJ1c3NlbHMuanBnJTIyJTIwY2xhc3MlM0QlMjJhdHRhY2htZW50LTE0MjYlMjBzaXplLTE0MjYlMjB3cC1wb3N0LWltYWdlJTIyJTIwJTNFJTNDJTJGZGl2JTNFJTBBJTIwJTIwJTIwJTIwJTIwJTIwJTIwJTIwJTIwJTIwJTIwJTIwJTIwJTIwJTIwJTIwJTIwJTIwJTIwJTIwJTIwJTIwJTIwJTIwJTIwJTIwJTIwJTIwJTIwJTIwJTIwJTIwJTIwJTIwJTIwJTIwJTIwJTIwJTIwJTIwJTBBJTIwJTIwJTIwJTIwJTIwJTIwJTIwJTIwJTIwJTIwJTIwJTIwJTIwJTIwJTIwJTIwJTIwJTIwJTIwJTIwJTIwJTIwJTIwJTIwJTIwJTIwJTIwJTIwJTIwJTIwJTIwJTIwJTIwJTIwJTIwJTIwJTIwJTIwJTIwJTIwJTIwJTIwJTIwJTIwJTIwJTIwJTIwJTIwJTIwJTIwJTIwJTIwJTIwJTIwJTIwJTIwJTIwJTIwJTIwJTIwJTIwJTIwJTIwJTIwJTNDc3BhbiUyMGNsYXNzJTNEJTIybWVtYmVyLXRpdGxlJTIyJTIwc3R5bGUlM0QlMjIlMjAlMjAlMjAlMjBwYWRkaW5nLWJvdHRvbSUzQSUyMDE1cHglM0IlMjBwYWRkaW5nLXRvcCUzQSUyMDBweCUzQiUyMiUzRSUzQ2gzJTIwY2xhc3MlM0QlMjJwb3N0LXRpdGxlJTIwZW50cnktdGl0bGUlMjB0ZXh0LXVwcGVyY2FzZSUyMiUyMHN0eWxlJTNEJTIyJTIwJTIwJTIwJTIwcGFkZGluZy1sZWZ0JTNBJTIwMCUzQiUyMiUzRUJ1c2luZXNzJTIwdHJpcHMlMjAlM0MlMkZoMyUzRSUzQyUyRnNwYW4lM0UlMEElMjAlMjAlMjAlMjAlMjAlMjAlMjAlMjAlMjAlMjAlMjAlMjAlMjAlMjAlMjAlMjAlMjAlMjAlMjAlMjAlMjAlMjAlMjAlMjAlMjAlMjAlMjAlMjAlMjAlMjAlMjAlMjAlMjAlMjAlMjAlMjAlMjAlMjAlMjAlMjAlM0NkaXYlMjBjbGFzcyUzRCUyMm1lbWJlci1kZXNjJTIyJTNFJTNDcCUyMHN0eWxlJTNEJTIydGV4dC1hbGlnbiUzQWp1c3RpZnklMjIlM0VMb29raW5nJTIwZm9yJTIwYSUyMGJ1cyUyMHJlbnRhbCUyMGZvciUyMGNvbXBhbnklMjBvdXRpbmdzJTJDJTIwc2VtaW5hcnMlMkMlMjBjb25mZXJlbmNlcyUyMG9yJTIwYnVzaW5lc3MlMjB0cmlwcyUzRiUyME91ciUyMGNvbXBhbnklMjB3aWxsJTIwaGFuZGxlJTIwYWxsJTIwdHJpcHMlMkMlMjB0cmFuc2ZlcnMlMjBhbmQlMjByb3RhdGlvbnMlMjBvZiUyMHBhcnRpY2lwYW50cy4lMjBPcmdhbml6aW5nJTIwYSUyMGJ1c2luZXNzJTIwdHJpcCUyMGlzJTIwYWxyZWFkeSUyMGElMjBsb3QlMjBvZiUyMHdvcmslMkMlMjBzbyUyMGp1c3QlMjB0ZWxsJTIwdXMlMjBhYm91dCUyMHlvdXIlMjBkYXRlcyUyQyUyMHRoZSUyMG51bWJlciUyMG9mJTIwcGFydGljaXBhbnRzJTJDJTIwdGhlJTIwcGxhY2VzJTIwb2YlMjBkZXBhcnR1cmUlMjBhbmQlMjBkZXN0aW5hdGlvbiUyQyUyMGFuZCUyMHdlJTIwbWFuYWdlJTIwZXZlcnl0aGluZyUyMGVsc2UuJTIwVGhhbmtzJTIwdG8lMjBidXNlcyUyMG1hZGUlMjBleGNsdXNpdmVseSUyMGF2YWlsYWJsZSUyQyUyMHlvdSUyMGNhbiUyMG1hbmFnZSUyMHlvdXIlMjBzY2hlZHVsZSUyMGZsZXhpYmx5LiUwQSUzQyUyRnAlM0UlM0NwJTIwc3R5bGUlM0QlMjJ0ZXh0LWFsaWduJTNBanVzdGlmeSUyMiUzRUZvciUyMGVhY2glMjBidXMlMjByZW50YWwlMjB3aXRoJTIwZHJpdmVyJTJDJTIweW91JTIwd2lsbCUyMHJlY2VpdmUlMjBhJTIwY29tcGxldGUlMjBzZXJ2aWNlJTIwd2l0aG91dCUyMGFueSUyMGJhZCUyMHN1cnByaXNlcyUyQyUyMGFuZCUyMGFsbCUyMHRoZSUyMGV4cGVuc2VzJTIwcmVsYXRlZCUyMHRvJTIweW91ciUyMGNvbXBhbnklMjB0cmlwJTIwYXJlJTIwdG90YWxseSUyMGFkYXB0ZWQlMjB0byUyMHlvdXIlMjBwcm9qZWN0LiUyMFdlJTIwYXJlJTIwYXQlMjB5b3VyJTIwZGlzcG9zYWwlMjB0byUyMHN0dWR5JTIweW91ciUyMG5lZWRzJTIwdG9nZXRoZXIlMkMlMjBkbyUyMG5vdCUyMGhlc2l0YXRlJTIwdG8lMjBjb250YWN0JTIwdXMuJTIwJTNDJTJGcCUzRSUwQSUzQyUyRmRpdiUzRSUwQSUyMCUyMCUyMCUyMCUyMCUyMCUyMCUyMCUyMCUyMCUyMCUyMCUyMCUyMCUyMCUyMCUzQyUyRmRpdiUzRSUwQSUyMCUyMCUyMCUyMCUyMCUyMCUyMCUyMCUyMCUyMCUyMCUyMCUzQyUyRmRpdiUzRSUwQSUyMCUyMCUyMCUyMCUyMCUyMCUyMCUyMCUzQyUyRmRpdiUzRQ==[\/vc_raw_html][\/vc_column][vc_column width=&#8221;1\/2&#8243;][vc_raw_html]JTNDZGl2JTIwY2xhc3MlM0QlMjJ0ZWFtJTIyJTNFJTBBJTIwJTIwJTIwJTIwJTIwJTIwJTIwJTIwJTIwJTIwJTIwJTIwJTNDZGl2JTIwY2xhc3MlM0QlMjJtZW1iZXIlMjBtZW1iZXItZnVsbCUyMiUzRSUwQSUyMCUyMCUyMCUyMCUyMCUyMCUyMCUyMCUyMCUyMCUyMCUyMCUyMCUyMCUyMCUyMCUzQ2RpdiUyMGNsYXNzJTNEJTIybWVtYmVyLXdyYXAlMjIlM0UlMEElMjAlMjAlMjAlMjAlMjAlMjAlMjAlMjAlMjAlMjAlMjAlMjAlMjAlMjAlMjAlMjAlMjAlMjAlMjAlMjAlM0NkaXYlMjBjbGFzcyUzRCUyMm1lbWJlci1pbWFnZSUyMiUyMHN0eWxlJTNEJTIybWFyZ2luLWJvdHRvbSUzQSUyMDAlM0IlMjIlM0UlM0NpbWclMjB3aWR0aCUzRCUyMjU1MyUyMiUyMHN0eWxlJTNEJTIyaGVpZ2h0JTNBMjczcHglMjAlMjFpbXBvcnRhbnQlMjIlMjBzcmMlM0QlMjJodHRwcyUzQSUyRiUyRnd3dy5hdXRvY2FyLmJydXNzZWxzJTJGd3AtY29udGVudCUyRnVwbG9hZHMlMkYyMDE3JTJGMTIlMkZpbWctMTAuanBnJTIyJTIwY2xhc3MlM0QlMjJhdHRhY2htZW50LTE0MjYlMjBzaXplLTE0MjYlMjB3cC1wb3N0LWltYWdlJTIyJTIwJTNFJTNDJTJGZGl2JTNFJTBBJTIwJTIwJTIwJTIwJTIwJTIwJTIwJTIwJTIwJTIwJTIwJTIwJTIwJTIwJTIwJTIwJTIwJTIwJTIwJTIwJTIwJTIwJTIwJTIwJTIwJTIwJTIwJTIwJTIwJTIwJTIwJTIwJTIwJTIwJTIwJTIwJTIwJTIwJTIwJTIwJTBBJTIwJTIwJTIwJTIwJTIwJTIwJTIwJTIwJTIwJTIwJTIwJTIwJTIwJTIwJTIwJTIwJTIwJTIwJTIwJTIwJTIwJTIwJTIwJTIwJTIwJTIwJTIwJTIwJTIwJTIwJTIwJTIwJTIwJTIwJTIwJTIwJTIwJTIwJTIwJTIwJTIwJTIwJTIwJTIwJTIwJTIwJTIwJTIwJTIwJTIwJTIwJTIwJTIwJTIwJTIwJTIwJTIwJTIwJTIwJTIwJTIwJTIwJTIwJTIwJTNDc3BhbiUyMGNsYXNzJTNEJTIybWVtYmVyLXRpdGxlJTIyJTIwc3R5bGUlM0QlMjIlMjAlMjAlMjAlMjBwYWRkaW5nLWJvdHRvbSUzQSUyMDE1cHglM0IlMjBwYWRkaW5nLXRvcCUzQSUyMDBweCUzQiUyMiUzRSUzQ2gzJTIwY2xhc3MlM0QlMjJwb3N0LXRpdGxlJTIwZW50cnktdGl0bGUlMjB0ZXh0LXVwcGVyY2FzZSUyMiUyMHN0eWxlJTNEJTIyJTIwJTIwJTIwJTIwcGFkZGluZy1sZWZ0JTNBJTIwMCUzQiUyMiUzRVByaXZhdGUlMjB0cmlwcyUyMCUyMCUyMCUzQyUyRmgzJTNFJTNDJTJGc3BhbiUzRSUwQSUyMCUyMCUyMCUyMCUyMCUyMCUyMCUyMCUyMCUyMCUyMCUyMCUyMCUyMCUyMCUyMCUyMCUyMCUyMCUyMCUyMCUyMCUyMCUyMCUyMCUyMCUyMCUyMCUyMCUyMCUyMCUyMCUyMCUyMCUyMCUyMCUyMCUyMCUyMCUyMCUzQ2RpdiUyMGNsYXNzJTNEJTIybWVtYmVyLWRlc2MlMjIlM0UlM0NwJTIwc3R5bGUlM0QlMjJ0ZXh0LWFsaWduJTNBanVzdGlmeSUyMiUzRUZvciUyMGFsbCUyMHlvdXIlMjBwcml2YXRlJTIwdHJhbnNwb3J0JTIwZm9yJTIwd2VkZGluZ3MlMkMlMjBiaXJ0aGRheXMlMkMlMjBzcG9ydHMlMjBjbHVicyUyMG9yJTIwcGFydGllcyUyQyUyMG91ciUyMGNvbXBhbnklMjBvZmZlcnMlMjBwZXJzb25hbGl6ZWQlMjB0cmlwcyUyMGFjY29yZGluZyUyMHRvJTIweW91ciUyMG5lZWRzJTIwYW5kJTIwZGVzaXJlcy4lMjBSZW50aW5nJTIwYSUyMGJ1cyUyMHdpbGwlMjBwcm92ZSUyMHRvJTIwYmUlMjBhJTIwY29tZm9ydGFibGUlMkMlMjBmcmllbmRseSUyMGFuZCUyQyUyMG9mJTIwY291cnNlJTJDJTIwZWNvbm9taWNhbCUyMG1lYW5zJTIwb2YlMjB0cmFuc3BvcnQuJTIwRGVwZW5kaW5nJTIwb24lMjB0aGUlMjB0eXBlJTIwb2YlMjBldmVudCUyQyUyMHdlJTIwY2hvb3NlJTIwdGhlJTIwbW9zdCUyMHN1aXRhYmxlJTIwYnVzJTIwbW9kZWwlMjBhbmQlMjB3ZSUyMGFzc3VyZSUyMHlvdSUyMGElMjBjb21wbGV0ZSUyMGFuZCUyMHNlY3VyZSUyMHRyYW5zcG9ydCUyMHNlcnZpY2UlMkMlMjB0YWtpbmclMjBpbnRvJTIwYWNjb3VudCUyMHRoZSUyMG51bWJlciUyMG9mJTIwcGFydGljaXBhbnRzJTIwYW5kJTIwdGhlJTIwYW1vdW50JTIwb2YlMjBsdWdnYWdlJTIwdG8lMjBiZSUyMHByb3ZpZGVkLiUyMFdlJTIwYWxzbyUyMHBsYW4lMjB0aGUlMjBudW1iZXIlMjBvZiUyMGRyaXZlcnMlMjBuZWVkZWQlMjB0byUyMG1lZXQlMjB5b3VyJTIwc2NoZWR1bGUuJTBBJTNDJTJGcCUzRSUwQSUzQ3AlMjBzdHlsZSUzRCUyMnRleHQtYWxpZ24lM0FqdXN0aWZ5JTIyJTNFSWYlMjB5b3UlMjBoYXZlJTIwYW55JTIwcXVlc3Rpb25zJTJDJTIwZG8lMjBub3QlMjBoZXNpdGF0ZSUyMHRvJTIwY29udGFjdCUyMG91ciUyMGFkdmlzb3JzJTIwd2hvJTIwd2lsbCUyMGhlbHAlMjB5b3UlMjBmaW5kJTIwdGhlJTIwdHJhbnNwb3J0JTIwc29sdXRpb24lMjB0aGF0JTIwbWVldHMlMjB5b3VyJTIwbmVlZHMuJTNDJTJGcCUzRSUwQSUzQyUyRmRpdiUzRSUwQSUyMCUyMCUyMCUyMCUyMCUyMCUyMCUyMCUyMCUyMCUyMCUyMCUyMCUyMCUyMCUyMCUzQyUyRmRpdiUzRSUwQSUyMCUyMCUyMCUyMCUyMCUyMCUyMCUyMCUyMCUyMCUyMCUyMCUzQyUyRmRpdiUzRSUwQSUyMCUyMCUyMCUyMCUyMCUyMCUyMCUyMCUzQyUyRmRpdiUzRQ==[\/vc_raw_html][\/vc_column][\/vc_row]<\/p>\n<\/div>","protected":false},"excerpt":{"rendered":"<p>[vc_row css=&#8221;.vc_custom_1453212299071{margin-bottom: 20px !important;}&#8221;][vc_column][vc_custom_heading text=&#8221;OUR SERVICES&#8221; font_container=&#8221;tag:h2|text_align:center&#8221; use_theme_fonts=&#8221;yes&#8221; el_class=&#8221;title&#8221;][\/vc_column][\/vc_row][vc_row][vc_column width=&#8221;2\/3&#8243;][vc_empty_space][vc_column_text]In order to always achieve your satisfaction, we have set up a team of advisers with solid experience in the field of transfers and who respects its commitment. So we have &hellip;<\/p>\n","protected":false},"author":1,"featured_media":0,"parent":0,"menu_order":0,"comment_status":"closed","ping_status":"closed","template":"","meta":{"footnotes":""},"class_list":["post-2441","page","type-page","status-publish","hentry"],"yoast_head":"<!-- This site is optimized with the Yoast SEO plugin v27.5 - https:\/\/yoast.com\/product\/yoast-seo-wordpress\/ -->\n<title>Services de Location Autocar Bruxelles<\/title>\n<meta name=\"description\" content=\"Services de Location Autocar Bruxelles sp\u00e9cialiste dans le service r\u00e9gulier sp\u00e9cial ,VOYAGES SCOLAIRES,TRANSFERT A\u00c9ROPORT,D\u00c9PLACEMENTS PROFESSIONNELS Vous recherchez une location de bus pour les sorties d\u2019entreprises, s\u00e9minaires, conf\u00e9rences ou voyages d\u2019affaires ?\" \/>\n<meta name=\"robots\" content=\"index, follow, max-snippet:-1, max-image-preview:large, max-video-preview:-1\" \/>\n<link rel=\"canonical\" href=\"https:\/\/www.autocar.brussels\/fr\/services-de-location-autocar\/\" \/>\n<meta property=\"og:locale\" content=\"en_US\" \/>\n<meta property=\"og:type\" content=\"article\" \/>\n<meta property=\"og:title\" content=\"Services de Location Autocar Bruxelles\" \/>\n<meta property=\"og:description\" content=\"Services de Location Autocar Bruxelles sp\u00e9cialiste dans le service r\u00e9gulier sp\u00e9cial ,VOYAGES SCOLAIRES,TRANSFERT A\u00c9ROPORT,D\u00c9PLACEMENTS PROFESSIONNELS Vous recherchez une location de bus pour les sorties d\u2019entreprises, s\u00e9minaires, conf\u00e9rences ou voyages d\u2019affaires ?\" \/>\n<meta property=\"og:url\" content=\"https:\/\/www.autocar.brussels\/fr\/services-de-location-autocar\/\" \/>\n<meta property=\"og:site_name\" content=\"Minibus with Driver Coach Hire in Belgium\" \/>\n<meta property=\"article:publisher\" content=\"https:\/\/www.facebook.com\/LimostarLimousineServices\/\" \/>\n<meta property=\"article:modified_time\" content=\"2018-03-29T14:16:24+00:00\" \/>\n<meta property=\"og:image\" content=\"https:\/\/www.autocar.brussels\/wp-content\/uploads\/2021\/12\/chauffeur-de-bus-scaled.jpg\" \/>\n\t<meta property=\"og:image:width\" content=\"1280\" \/>\n\t<meta property=\"og:image:height\" content=\"864\" \/>\n\t<meta property=\"og:image:type\" content=\"image\/jpeg\" \/>\n<meta name=\"twitter:card\" content=\"summary_large_image\" \/>\n<meta name=\"twitter:label1\" content=\"Est. reading time\" \/>\n\t<meta name=\"twitter:data1\" content=\"10 minutes\" \/>\n<script type=\"application\/ld+json\" class=\"yoast-schema-graph\">{\"@context\":\"https:\\\/\\\/schema.org\",\"@graph\":[{\"@type\":\"WebPage\",\"@id\":\"https:\\\/\\\/www.autocar.brussels\\\/fr\\\/services-de-location-autocar\\\/\",\"url\":\"https:\\\/\\\/www.autocar.brussels\\\/fr\\\/services-de-location-autocar\\\/\",\"name\":\"Services de Location Autocar Bruxelles\",\"isPartOf\":{\"@id\":\"https:\\\/\\\/www.autocar.brussels\\\/fr\\\/#website\"},\"datePublished\":\"2017-12-20T13:27:24+00:00\",\"dateModified\":\"2018-03-29T14:16:24+00:00\",\"description\":\"Services de Location Autocar Bruxelles sp\u00e9cialiste dans le service r\u00e9gulier sp\u00e9cial ,VOYAGES SCOLAIRES,TRANSFERT A\u00c9ROPORT,D\u00c9PLACEMENTS PROFESSIONNELS Vous recherchez une location de bus pour les sorties d\u2019entreprises, s\u00e9minaires, conf\u00e9rences ou voyages d\u2019affaires ?\",\"breadcrumb\":{\"@id\":\"https:\\\/\\\/www.autocar.brussels\\\/fr\\\/services-de-location-autocar\\\/#breadcrumb\"},\"inLanguage\":\"en-US\",\"potentialAction\":[{\"@type\":\"ReadAction\",\"target\":[\"https:\\\/\\\/www.autocar.brussels\\\/fr\\\/services-de-location-autocar\\\/\"]}]},{\"@type\":\"BreadcrumbList\",\"@id\":\"https:\\\/\\\/www.autocar.brussels\\\/fr\\\/services-de-location-autocar\\\/#breadcrumb\",\"itemListElement\":[{\"@type\":\"ListItem\",\"position\":1,\"name\":\"Accueil\",\"item\":\"https:\\\/\\\/www.autocar.brussels\\\/\"},{\"@type\":\"ListItem\",\"position\":2,\"name\":\"Services de Location Autocar Bruxelles\"}]},{\"@type\":\"WebSite\",\"@id\":\"https:\\\/\\\/www.autocar.brussels\\\/fr\\\/#website\",\"url\":\"https:\\\/\\\/www.autocar.brussels\\\/fr\\\/\",\"name\":\"Minibus with Driver Coach Hire in Belgium\",\"description\":\"Coach, Minibus &amp; Bus Hire in Brussel\",\"publisher\":{\"@id\":\"https:\\\/\\\/www.autocar.brussels\\\/fr\\\/#organization\"},\"potentialAction\":[{\"@type\":\"SearchAction\",\"target\":{\"@type\":\"EntryPoint\",\"urlTemplate\":\"https:\\\/\\\/www.autocar.brussels\\\/fr\\\/?s={search_term_string}\"},\"query-input\":{\"@type\":\"PropertyValueSpecification\",\"valueRequired\":true,\"valueName\":\"search_term_string\"}}],\"inLanguage\":\"en-US\"},{\"@type\":\"Organization\",\"@id\":\"https:\\\/\\\/www.autocar.brussels\\\/fr\\\/#organization\",\"name\":\"location minibus bruxelles\",\"alternateName\":\"Location Autocar Bruxelles\",\"url\":\"https:\\\/\\\/www.autocar.brussels\\\/fr\\\/\",\"logo\":{\"@type\":\"ImageObject\",\"inLanguage\":\"en-US\",\"@id\":\"https:\\\/\\\/www.autocar.brussels\\\/fr\\\/#\\\/schema\\\/logo\\\/image\\\/\",\"url\":\"https:\\\/\\\/www.autocar.brussels\\\/wp-content\\\/uploads\\\/2018\\\/01\\\/logo-limo-footer.png\",\"contentUrl\":\"https:\\\/\\\/www.autocar.brussels\\\/wp-content\\\/uploads\\\/2018\\\/01\\\/logo-limo-footer.png\",\"width\":177,\"height\":39,\"caption\":\"location minibus bruxelles\"},\"image\":{\"@id\":\"https:\\\/\\\/www.autocar.brussels\\\/fr\\\/#\\\/schema\\\/logo\\\/image\\\/\"},\"sameAs\":[\"https:\\\/\\\/www.facebook.com\\\/LimostarLimousineServices\\\/\"]}]}<\/script>\n<!-- \/ Yoast SEO plugin. -->","yoast_head_json":{"title":"Services de Location Autocar Bruxelles","description":"Services de Location Autocar Bruxelles sp\u00e9cialiste dans le service r\u00e9gulier sp\u00e9cial ,VOYAGES SCOLAIRES,TRANSFERT A\u00c9ROPORT,D\u00c9PLACEMENTS PROFESSIONNELS Vous recherchez une location de bus pour les sorties d\u2019entreprises, s\u00e9minaires, conf\u00e9rences ou voyages d\u2019affaires ?","robots":{"index":"index","follow":"follow","max-snippet":"max-snippet:-1","max-image-preview":"max-image-preview:large","max-video-preview":"max-video-preview:-1"},"canonical":"https:\/\/www.autocar.brussels\/fr\/services-de-location-autocar\/","og_locale":"en_US","og_type":"article","og_title":"Services de Location Autocar Bruxelles","og_description":"Services de Location Autocar Bruxelles sp\u00e9cialiste dans le service r\u00e9gulier sp\u00e9cial ,VOYAGES SCOLAIRES,TRANSFERT A\u00c9ROPORT,D\u00c9PLACEMENTS PROFESSIONNELS Vous recherchez une location de bus pour les sorties d\u2019entreprises, s\u00e9minaires, conf\u00e9rences ou voyages d\u2019affaires ?","og_url":"https:\/\/www.autocar.brussels\/fr\/services-de-location-autocar\/","og_site_name":"Minibus with Driver Coach Hire in Belgium","article_publisher":"https:\/\/www.facebook.com\/LimostarLimousineServices\/","article_modified_time":"2018-03-29T14:16:24+00:00","og_image":[{"width":1280,"height":864,"url":"https:\/\/www.autocar.brussels\/wp-content\/uploads\/2021\/12\/chauffeur-de-bus-scaled.jpg","type":"image\/jpeg"}],"twitter_card":"summary_large_image","twitter_misc":{"Est. reading time":"10 minutes"},"schema":{"@context":"https:\/\/schema.org","@graph":[{"@type":"WebPage","@id":"https:\/\/www.autocar.brussels\/fr\/services-de-location-autocar\/","url":"https:\/\/www.autocar.brussels\/fr\/services-de-location-autocar\/","name":"Services de Location Autocar Bruxelles","isPartOf":{"@id":"https:\/\/www.autocar.brussels\/fr\/#website"},"datePublished":"2017-12-20T13:27:24+00:00","dateModified":"2018-03-29T14:16:24+00:00","description":"Services de Location Autocar Bruxelles sp\u00e9cialiste dans le service r\u00e9gulier sp\u00e9cial ,VOYAGES SCOLAIRES,TRANSFERT A\u00c9ROPORT,D\u00c9PLACEMENTS PROFESSIONNELS Vous recherchez une location de bus pour les sorties d\u2019entreprises, s\u00e9minaires, conf\u00e9rences ou voyages d\u2019affaires ?","breadcrumb":{"@id":"https:\/\/www.autocar.brussels\/fr\/services-de-location-autocar\/#breadcrumb"},"inLanguage":"en-US","potentialAction":[{"@type":"ReadAction","target":["https:\/\/www.autocar.brussels\/fr\/services-de-location-autocar\/"]}]},{"@type":"BreadcrumbList","@id":"https:\/\/www.autocar.brussels\/fr\/services-de-location-autocar\/#breadcrumb","itemListElement":[{"@type":"ListItem","position":1,"name":"Accueil","item":"https:\/\/www.autocar.brussels\/"},{"@type":"ListItem","position":2,"name":"Services de Location Autocar Bruxelles"}]},{"@type":"WebSite","@id":"https:\/\/www.autocar.brussels\/fr\/#website","url":"https:\/\/www.autocar.brussels\/fr\/","name":"Minibus with Driver Coach Hire in Belgium","description":"Coach, Minibus &amp; Bus Hire in Brussel","publisher":{"@id":"https:\/\/www.autocar.brussels\/fr\/#organization"},"potentialAction":[{"@type":"SearchAction","target":{"@type":"EntryPoint","urlTemplate":"https:\/\/www.autocar.brussels\/fr\/?s={search_term_string}"},"query-input":{"@type":"PropertyValueSpecification","valueRequired":true,"valueName":"search_term_string"}}],"inLanguage":"en-US"},{"@type":"Organization","@id":"https:\/\/www.autocar.brussels\/fr\/#organization","name":"location minibus bruxelles","alternateName":"Location Autocar Bruxelles","url":"https:\/\/www.autocar.brussels\/fr\/","logo":{"@type":"ImageObject","inLanguage":"en-US","@id":"https:\/\/www.autocar.brussels\/fr\/#\/schema\/logo\/image\/","url":"https:\/\/www.autocar.brussels\/wp-content\/uploads\/2018\/01\/logo-limo-footer.png","contentUrl":"https:\/\/www.autocar.brussels\/wp-content\/uploads\/2018\/01\/logo-limo-footer.png","width":177,"height":39,"caption":"location minibus bruxelles"},"image":{"@id":"https:\/\/www.autocar.brussels\/fr\/#\/schema\/logo\/image\/"},"sameAs":["https:\/\/www.facebook.com\/LimostarLimousineServices\/"]}]}},"_links":{"self":[{"href":"https:\/\/www.autocar.brussels\/en\/wp-json\/wp\/v2\/pages\/2441","targetHints":{"allow":["GET"]}}],"collection":[{"href":"https:\/\/www.autocar.brussels\/en\/wp-json\/wp\/v2\/pages"}],"about":[{"href":"https:\/\/www.autocar.brussels\/en\/wp-json\/wp\/v2\/types\/page"}],"author":[{"embeddable":true,"href":"https:\/\/www.autocar.brussels\/en\/wp-json\/wp\/v2\/users\/1"}],"replies":[{"embeddable":true,"href":"https:\/\/www.autocar.brussels\/en\/wp-json\/wp\/v2\/comments?post=2441"}],"version-history":[{"count":31,"href":"https:\/\/www.autocar.brussels\/en\/wp-json\/wp\/v2\/pages\/2441\/revisions"}],"predecessor-version":[{"id":2733,"href":"https:\/\/www.autocar.brussels\/en\/wp-json\/wp\/v2\/pages\/2441\/revisions\/2733"}],"wp:attachment":[{"href":"https:\/\/www.autocar.brussels\/en\/wp-json\/wp\/v2\/media?parent=2441"}],"curies":[{"name":"wp","href":"https:\/\/api.w.org\/{rel}","templated":true}]}}