{"id":2407,"date":"2017-12-20T11:42:35","date_gmt":"2017-12-20T10:42:35","guid":{"rendered":"https:\/\/www.autocar.brussels\/demo\/?page_id=2407"},"modified":"2019-03-10T19:23:08","modified_gmt":"2019-03-10T18:23:08","slug":"qui-sommes-nous","status":"publish","type":"page","link":"https:\/\/www.autocar.brussels\/en\/qui-sommes-nous\/","title":{"rendered":"Autocar Brussels \u25bawho are we?"},"content":{"rendered":"<div class=\"wpb-content-wrapper\"><p>[vc_row css=&#8221;.vc_custom_1460122496361{margin-bottom: 30px !important;}&#8221;][vc_column width=&#8221;1\/2&#8243;][vc_custom_heading text=&#8221;Who are we ?<br \/>\n&#8221; use_theme_fonts=&#8221;yes&#8221; el_class=&#8221;title&#8221;][vc_empty_space height=&#8221;20px&#8221;][vc_column_text]The organization of group trips is always a pleasure, it must be well settled. This type of public transit is a practical and beneficial way to save costs and risks. In this regard, our company offers a bus rental service with driver quality at the best price.<\/p>\n<p>We have a range of buses accompanied by modern equipment (air conditioning, fridge, reclining seats and comfortable) and we ensure with our professional and experienced team, an unforgettable travel experience and a satisfaction of your mobility needs.<\/p>\n<p>During each departure, our buses are subjected to a complete mechanical control and our drivers accompany you with the training, the experience and the sympathy necessary for successful trips.<\/p>\n<p>Benefit from our services is very simple! We guarantee maximum flexibility, service and fast services. Whatever the type of your request, we are always there to advise you on the best possible routes. Do not hesitate to contact us and send your requests, we are happy to advise you.[\/vc_column_text][\/vc_column][vc_column width=&#8221;1\/2&#8243;][vc_empty_space height=&#8221;100px&#8221;][vc_single_image image=&#8221;2576&#8243; img_size=&#8221;full&#8221;][\/vc_column][\/vc_row][vc_row css=&#8221;.vc_custom_1453212299071{margin-bottom: 20px !important;}&#8221;][vc_column][vc_custom_heading text=&#8221;Our services&#8221; use_theme_fonts=&#8221;yes&#8221; el_class=&#8221;title&#8221;][\/vc_column][\/vc_row][vc_row][vc_column width=&#8221;1\/3&#8243;]<div class='featured featured-has-link featured-has-icon featured-has-content'><div class='featured-header'><img alt='School trips' src='https:\/\/www.autocar.brussels\/wp-content\/uploads\/2017\/12\/img-2.jpg' \/><\/div><div class='featured-content'><h3 class='featured-title text-uppercase'><i class='fa fa-graduation-cap'><\/i>School trips<\/h3><p class='featured-desc'>Do you want to prepare a school trip with one or more classes? At us, you will find the best solutions tailored to your needs, we would be happy to help you.<\/p><a class='btn btn-md btn-minimal' href='services'>Lire la suite<\/a><\/div><\/div>[\/vc_column][vc_column width=&#8221;1\/3&#8243;]<div class='featured featured-has-link featured-has-icon featured-has-content'><div class='featured-header'><img alt='Airport transfers' src='https:\/\/www.autocar.brussels\/wp-content\/uploads\/2017\/12\/img-3.jpg' \/><\/div><div class='featured-content'><h3 class='featured-title text-uppercase'><i class='fa fa-plane'><\/i>Airport transfers<\/h3><p class='featured-desc'>During your travels whether in small or large groups, even with a lot of luggage, our driver will meet you at the airport or at the train station and will take you directly to your destination without problems of delay.<\/p><a class='btn btn-md btn-minimal' href='services'>Lire la suite<\/a><\/div><\/div>[\/vc_column][vc_column width=&#8221;1\/3&#8243;]<div class='featured featured-has-link featured-has-icon featured-has-content'><div class='featured-header'><img alt='Business trips' src='https:\/\/www.autocar.brussels\/wp-content\/uploads\/2017\/12\/img-4.jpg' \/><\/div><div class='featured-content'><h3 class='featured-title text-uppercase'><i class='fa fa-briefcase'><\/i>Business trips<\/h3><p class='featured-desc'>Looking for a bus rental for company outings, seminars, conferences or business trips? Our company will handle all trips, transfers and rotations of participants.<\/p><a class='btn btn-md btn-minimal' href='services'>Lire la suite<\/a><\/div><\/div>[\/vc_column][\/vc_row]<\/p>\n<\/div>","protected":false},"excerpt":{"rendered":"<p>[vc_row css=&#8221;.vc_custom_1460122496361{margin-bottom: 30px !important;}&#8221;][vc_column width=&#8221;1\/2&#8243;][vc_custom_heading text=&#8221;Who are we ? &#8221; use_theme_fonts=&#8221;yes&#8221; el_class=&#8221;title&#8221;][vc_empty_space height=&#8221;20px&#8221;][vc_column_text]The organization of group trips is always a pleasure, it must be well settled. This type of public transit is a practical and beneficial way to save costs &hellip;<\/p>\n","protected":false},"author":1,"featured_media":0,"parent":0,"menu_order":0,"comment_status":"closed","ping_status":"closed","template":"","meta":{"footnotes":""},"class_list":["post-2407","page","type-page","status-publish","hentry"],"yoast_head":"<!-- This site is optimized with the Yoast SEO plugin v27.5 - https:\/\/yoast.com\/product\/yoast-seo-wordpress\/ -->\n<title>Autocar Bruxelles \u25baQui sommes nous<\/title>\n<meta name=\"description\" content=\"Location Autocar avec chauffeur \u00e0 Bruxelles et en Belgique,Qui sommes nous? Entreprise familiale a \u00e9t\u00e9 fond\u00e9e en 2004 Avenue Louise 65, 1050 Bruxelles\u260e+\u2778\u2777\u2777\u277a \u2776\u27770\u27760\u2776 La soci\u00e9t\u00e9 poss\u00e8de des v\u00e9hicules de une \u00e0 cinque \u00e9toiles sp\u00e9cialis\u00e9s dans la location d&#039;autocar avec chauffeur\" \/>\n<meta name=\"robots\" content=\"index, follow, max-snippet:-1, max-image-preview:large, max-video-preview:-1\" \/>\n<link rel=\"canonical\" href=\"https:\/\/www.autocar.brussels\/fr\/qui-sommes-nous\/\" \/>\n<meta property=\"og:locale\" content=\"en_US\" \/>\n<meta property=\"og:type\" content=\"article\" \/>\n<meta property=\"og:title\" content=\"Autocar Bruxelles \u25baQui sommes nous\" \/>\n<meta property=\"og:description\" content=\"Location Autocar avec chauffeur \u00e0 Bruxelles et en Belgique,Qui sommes nous? Entreprise familiale a \u00e9t\u00e9 fond\u00e9e en 2004 Avenue Louise 65, 1050 Bruxelles\u260e+\u2778\u2777\u2777\u277a \u2776\u27770\u27760\u2776 La soci\u00e9t\u00e9 poss\u00e8de des v\u00e9hicules de une \u00e0 cinque \u00e9toiles sp\u00e9cialis\u00e9s dans la location d&#039;autocar avec chauffeur\" \/>\n<meta property=\"og:url\" content=\"https:\/\/www.autocar.brussels\/fr\/qui-sommes-nous\/\" \/>\n<meta property=\"og:site_name\" content=\"Minibus with Driver Coach Hire in Belgium\" \/>\n<meta property=\"article:publisher\" content=\"https:\/\/www.facebook.com\/LimostarLimousineServices\/\" \/>\n<meta property=\"article:modified_time\" content=\"2019-03-10T18:23:08+00:00\" \/>\n<meta property=\"og:image\" content=\"https:\/\/www.autocar.brussels\/wp-content\/uploads\/2021\/12\/chauffeur-de-bus-scaled.jpg\" \/>\n\t<meta property=\"og:image:width\" content=\"1280\" \/>\n\t<meta property=\"og:image:height\" content=\"864\" \/>\n\t<meta property=\"og:image:type\" content=\"image\/jpeg\" \/>\n<meta name=\"twitter:card\" content=\"summary_large_image\" \/>\n<meta name=\"twitter:label1\" content=\"Est. reading time\" \/>\n\t<meta name=\"twitter:data1\" content=\"4 minutes\" \/>\n<script type=\"application\/ld+json\" class=\"yoast-schema-graph\">{\"@context\":\"https:\\\/\\\/schema.org\",\"@graph\":[{\"@type\":\"WebPage\",\"@id\":\"https:\\\/\\\/www.autocar.brussels\\\/fr\\\/qui-sommes-nous\\\/\",\"url\":\"https:\\\/\\\/www.autocar.brussels\\\/fr\\\/qui-sommes-nous\\\/\",\"name\":\"Autocar Bruxelles \u25baQui sommes nous\",\"isPartOf\":{\"@id\":\"https:\\\/\\\/www.autocar.brussels\\\/fr\\\/#website\"},\"datePublished\":\"2017-12-20T10:42:35+00:00\",\"dateModified\":\"2019-03-10T18:23:08+00:00\",\"description\":\"Location Autocar avec chauffeur \u00e0 Bruxelles et en Belgique,Qui sommes nous? Entreprise familiale a \u00e9t\u00e9 fond\u00e9e en 2004 Avenue Louise 65, 1050 Bruxelles\u260e+\u2778\u2777\u2777\u277a \u2776\u27770\u27760\u2776 La soci\u00e9t\u00e9 poss\u00e8de des v\u00e9hicules de une \u00e0 cinque \u00e9toiles sp\u00e9cialis\u00e9s dans la location d'autocar avec chauffeur\",\"breadcrumb\":{\"@id\":\"https:\\\/\\\/www.autocar.brussels\\\/fr\\\/qui-sommes-nous\\\/#breadcrumb\"},\"inLanguage\":\"en-US\",\"potentialAction\":[{\"@type\":\"ReadAction\",\"target\":[\"https:\\\/\\\/www.autocar.brussels\\\/fr\\\/qui-sommes-nous\\\/\"]}]},{\"@type\":\"BreadcrumbList\",\"@id\":\"https:\\\/\\\/www.autocar.brussels\\\/fr\\\/qui-sommes-nous\\\/#breadcrumb\",\"itemListElement\":[{\"@type\":\"ListItem\",\"position\":1,\"name\":\"Accueil\",\"item\":\"https:\\\/\\\/www.autocar.brussels\\\/\"},{\"@type\":\"ListItem\",\"position\":2,\"name\":\"Autocar Bruxelles \u25baqui sommes nous?\"}]},{\"@type\":\"WebSite\",\"@id\":\"https:\\\/\\\/www.autocar.brussels\\\/fr\\\/#website\",\"url\":\"https:\\\/\\\/www.autocar.brussels\\\/fr\\\/\",\"name\":\"Minibus with Driver Coach Hire in Belgium\",\"description\":\"Coach, Minibus &amp; Bus Hire in Brussel\",\"publisher\":{\"@id\":\"https:\\\/\\\/www.autocar.brussels\\\/fr\\\/#organization\"},\"potentialAction\":[{\"@type\":\"SearchAction\",\"target\":{\"@type\":\"EntryPoint\",\"urlTemplate\":\"https:\\\/\\\/www.autocar.brussels\\\/fr\\\/?s={search_term_string}\"},\"query-input\":{\"@type\":\"PropertyValueSpecification\",\"valueRequired\":true,\"valueName\":\"search_term_string\"}}],\"inLanguage\":\"en-US\"},{\"@type\":\"Organization\",\"@id\":\"https:\\\/\\\/www.autocar.brussels\\\/fr\\\/#organization\",\"name\":\"location minibus bruxelles\",\"alternateName\":\"Location Autocar Bruxelles\",\"url\":\"https:\\\/\\\/www.autocar.brussels\\\/fr\\\/\",\"logo\":{\"@type\":\"ImageObject\",\"inLanguage\":\"en-US\",\"@id\":\"https:\\\/\\\/www.autocar.brussels\\\/fr\\\/#\\\/schema\\\/logo\\\/image\\\/\",\"url\":\"https:\\\/\\\/www.autocar.brussels\\\/wp-content\\\/uploads\\\/2018\\\/01\\\/logo-limo-footer.png\",\"contentUrl\":\"https:\\\/\\\/www.autocar.brussels\\\/wp-content\\\/uploads\\\/2018\\\/01\\\/logo-limo-footer.png\",\"width\":177,\"height\":39,\"caption\":\"location minibus bruxelles\"},\"image\":{\"@id\":\"https:\\\/\\\/www.autocar.brussels\\\/fr\\\/#\\\/schema\\\/logo\\\/image\\\/\"},\"sameAs\":[\"https:\\\/\\\/www.facebook.com\\\/LimostarLimousineServices\\\/\"]}]}<\/script>\n<!-- \/ Yoast SEO plugin. -->","yoast_head_json":{"title":"Autocar Bruxelles \u25baQui sommes nous","description":"Location Autocar avec chauffeur \u00e0 Bruxelles et en Belgique,Qui sommes nous? Entreprise familiale a \u00e9t\u00e9 fond\u00e9e en 2004 Avenue Louise 65, 1050 Bruxelles\u260e+\u2778\u2777\u2777\u277a \u2776\u27770\u27760\u2776 La soci\u00e9t\u00e9 poss\u00e8de des v\u00e9hicules de une \u00e0 cinque \u00e9toiles sp\u00e9cialis\u00e9s dans la location d'autocar avec chauffeur","robots":{"index":"index","follow":"follow","max-snippet":"max-snippet:-1","max-image-preview":"max-image-preview:large","max-video-preview":"max-video-preview:-1"},"canonical":"https:\/\/www.autocar.brussels\/fr\/qui-sommes-nous\/","og_locale":"en_US","og_type":"article","og_title":"Autocar Bruxelles \u25baQui sommes nous","og_description":"Location Autocar avec chauffeur \u00e0 Bruxelles et en Belgique,Qui sommes nous? Entreprise familiale a \u00e9t\u00e9 fond\u00e9e en 2004 Avenue Louise 65, 1050 Bruxelles\u260e+\u2778\u2777\u2777\u277a \u2776\u27770\u27760\u2776 La soci\u00e9t\u00e9 poss\u00e8de des v\u00e9hicules de une \u00e0 cinque \u00e9toiles sp\u00e9cialis\u00e9s dans la location d'autocar avec chauffeur","og_url":"https:\/\/www.autocar.brussels\/fr\/qui-sommes-nous\/","og_site_name":"Minibus with Driver Coach Hire in Belgium","article_publisher":"https:\/\/www.facebook.com\/LimostarLimousineServices\/","article_modified_time":"2019-03-10T18:23:08+00:00","og_image":[{"width":1280,"height":864,"url":"https:\/\/www.autocar.brussels\/wp-content\/uploads\/2021\/12\/chauffeur-de-bus-scaled.jpg","type":"image\/jpeg"}],"twitter_card":"summary_large_image","twitter_misc":{"Est. reading time":"4 minutes"},"schema":{"@context":"https:\/\/schema.org","@graph":[{"@type":"WebPage","@id":"https:\/\/www.autocar.brussels\/fr\/qui-sommes-nous\/","url":"https:\/\/www.autocar.brussels\/fr\/qui-sommes-nous\/","name":"Autocar Bruxelles \u25baQui sommes nous","isPartOf":{"@id":"https:\/\/www.autocar.brussels\/fr\/#website"},"datePublished":"2017-12-20T10:42:35+00:00","dateModified":"2019-03-10T18:23:08+00:00","description":"Location Autocar avec chauffeur \u00e0 Bruxelles et en Belgique,Qui sommes nous? Entreprise familiale a \u00e9t\u00e9 fond\u00e9e en 2004 Avenue Louise 65, 1050 Bruxelles\u260e+\u2778\u2777\u2777\u277a \u2776\u27770\u27760\u2776 La soci\u00e9t\u00e9 poss\u00e8de des v\u00e9hicules de une \u00e0 cinque \u00e9toiles sp\u00e9cialis\u00e9s dans la location d'autocar avec chauffeur","breadcrumb":{"@id":"https:\/\/www.autocar.brussels\/fr\/qui-sommes-nous\/#breadcrumb"},"inLanguage":"en-US","potentialAction":[{"@type":"ReadAction","target":["https:\/\/www.autocar.brussels\/fr\/qui-sommes-nous\/"]}]},{"@type":"BreadcrumbList","@id":"https:\/\/www.autocar.brussels\/fr\/qui-sommes-nous\/#breadcrumb","itemListElement":[{"@type":"ListItem","position":1,"name":"Accueil","item":"https:\/\/www.autocar.brussels\/"},{"@type":"ListItem","position":2,"name":"Autocar Bruxelles \u25baqui sommes nous?"}]},{"@type":"WebSite","@id":"https:\/\/www.autocar.brussels\/fr\/#website","url":"https:\/\/www.autocar.brussels\/fr\/","name":"Minibus with Driver Coach Hire in Belgium","description":"Coach, Minibus &amp; Bus Hire in Brussel","publisher":{"@id":"https:\/\/www.autocar.brussels\/fr\/#organization"},"potentialAction":[{"@type":"SearchAction","target":{"@type":"EntryPoint","urlTemplate":"https:\/\/www.autocar.brussels\/fr\/?s={search_term_string}"},"query-input":{"@type":"PropertyValueSpecification","valueRequired":true,"valueName":"search_term_string"}}],"inLanguage":"en-US"},{"@type":"Organization","@id":"https:\/\/www.autocar.brussels\/fr\/#organization","name":"location minibus bruxelles","alternateName":"Location Autocar Bruxelles","url":"https:\/\/www.autocar.brussels\/fr\/","logo":{"@type":"ImageObject","inLanguage":"en-US","@id":"https:\/\/www.autocar.brussels\/fr\/#\/schema\/logo\/image\/","url":"https:\/\/www.autocar.brussels\/wp-content\/uploads\/2018\/01\/logo-limo-footer.png","contentUrl":"https:\/\/www.autocar.brussels\/wp-content\/uploads\/2018\/01\/logo-limo-footer.png","width":177,"height":39,"caption":"location minibus bruxelles"},"image":{"@id":"https:\/\/www.autocar.brussels\/fr\/#\/schema\/logo\/image\/"},"sameAs":["https:\/\/www.facebook.com\/LimostarLimousineServices\/"]}]}},"_links":{"self":[{"href":"https:\/\/www.autocar.brussels\/en\/wp-json\/wp\/v2\/pages\/2407","targetHints":{"allow":["GET"]}}],"collection":[{"href":"https:\/\/www.autocar.brussels\/en\/wp-json\/wp\/v2\/pages"}],"about":[{"href":"https:\/\/www.autocar.brussels\/en\/wp-json\/wp\/v2\/types\/page"}],"author":[{"embeddable":true,"href":"https:\/\/www.autocar.brussels\/en\/wp-json\/wp\/v2\/users\/1"}],"replies":[{"embeddable":true,"href":"https:\/\/www.autocar.brussels\/en\/wp-json\/wp\/v2\/comments?post=2407"}],"version-history":[{"count":12,"href":"https:\/\/www.autocar.brussels\/en\/wp-json\/wp\/v2\/pages\/2407\/revisions"}],"predecessor-version":[{"id":2801,"href":"https:\/\/www.autocar.brussels\/en\/wp-json\/wp\/v2\/pages\/2407\/revisions\/2801"}],"wp:attachment":[{"href":"https:\/\/www.autocar.brussels\/en\/wp-json\/wp\/v2\/media?parent=2407"}],"curies":[{"name":"wp","href":"https:\/\/api.w.org\/{rel}","templated":true}]}}